{"id":1387,"date":"2017-05-19T16:29:57","date_gmt":"2017-05-19T14:29:57","guid":{"rendered":"https:\/\/www.domainedebellac.com\/?page_id=1387\/"},"modified":"2017-05-22T10:42:29","modified_gmt":"2017-05-22T08:42:29","slug":"la-dependance","status":"publish","type":"page","link":"https:\/\/www.domainedebellac.com\/fr\/la-dependance\/","title":{"rendered":"La Dependance"},"content":{"rendered":"\n<style type=\"text\/css\" data-created_by=\"avia_inline_auto\" id=\"style-css-av-av_heading-e4a6fc82feafa35159e629d36eb726d1\">\n#top .av-special-heading.av-av_heading-e4a6fc82feafa35159e629d36eb726d1{\npadding-bottom:10px;\n}\nbody .av-special-heading.av-av_heading-e4a6fc82feafa35159e629d36eb726d1 .av-special-heading-tag .heading-char{\nfont-size:25px;\n}\n.av-special-heading.av-av_heading-e4a6fc82feafa35159e629d36eb726d1 .av-subheading{\nfont-size:15px;\n}\n<\/style>\n<div  class='av-special-heading av-av_heading-e4a6fc82feafa35159e629d36eb726d1 av-special-heading-h1 blockquote modern-quote  avia-builder-el-0  el_before_av_textblock  avia-builder-el-first '><h1 class='av-special-heading-tag'  itemprop=\"headline\"  >R\u00e9servez La Dependance<\/h1><div class=\"special-heading-border\"><div class=\"special-heading-inner-border\"><\/div><\/div><\/div>\n<section  class='av_textblock_section av-av_textblock-35972167d9f102c5ddaec0c531c98b9e'  itemscope=\"itemscope\" itemtype=\"https:\/\/schema.org\/CreativeWork\" ><div class='avia_textblock'  itemprop=\"text\" ><p>Utilisez ce formulaire pour r\u00e9server votre h\u00e9bergement.<\/p>\n<p>Choisissez la date d\u2019arriv\u00e9e, remplissez vos coordonn\u00e9es, et nous vous recontacterons afin de finaliser votre r\u00e9servation.<\/p>\n<\/div><\/section>\n","protected":false},"excerpt":{"rendered":"","protected":false},"author":2,"featured_media":0,"parent":0,"menu_order":0,"comment_status":"closed","ping_status":"closed","template":"","meta":{"footnotes":""},"class_list":["post-1387","page","type-page","status-publish","hentry"],"yoast_head":"<!-- This site is optimized with the Yoast SEO plugin v25.1 - https:\/\/yoast.com\/wordpress\/plugins\/seo\/ -->\n<title>La Dependance - Domaine de Bellac<\/title>\n<meta name=\"robots\" content=\"index, follow, max-snippet:-1, max-image-preview:large, max-video-preview:-1\" \/>\n<link rel=\"canonical\" href=\"https:\/\/www.domainedebellac.com\/fr\/la-dependance\/\" \/>\n<meta property=\"og:locale\" content=\"fr_FR\" \/>\n<meta property=\"og:type\" content=\"article\" \/>\n<meta property=\"og:title\" content=\"La Dependance - Domaine de Bellac\" \/>\n<meta property=\"og:url\" content=\"https:\/\/www.domainedebellac.com\/fr\/la-dependance\/\" \/>\n<meta property=\"og:site_name\" content=\"Domaine de Bellac\" \/>\n<meta property=\"article:modified_time\" content=\"2017-05-22T08:42:29+00:00\" \/>\n<meta name=\"twitter:card\" content=\"summary_large_image\" \/>\n<script type=\"application\/ld+json\" class=\"yoast-schema-graph\">{\"@context\":\"https:\/\/schema.org\",\"@graph\":[{\"@type\":\"WebPage\",\"@id\":\"https:\/\/www.domainedebellac.com\/fr\/la-dependance\/\",\"url\":\"https:\/\/www.domainedebellac.com\/fr\/la-dependance\/\",\"name\":\"La Dependance - Domaine de Bellac\",\"isPartOf\":{\"@id\":\"https:\/\/www.domainedebellac.com\/fr\/#website\"},\"datePublished\":\"2017-05-19T14:29:57+00:00\",\"dateModified\":\"2017-05-22T08:42:29+00:00\",\"breadcrumb\":{\"@id\":\"https:\/\/www.domainedebellac.com\/fr\/la-dependance\/#breadcrumb\"},\"inLanguage\":\"fr-FR\",\"potentialAction\":[{\"@type\":\"ReadAction\",\"target\":[\"https:\/\/www.domainedebellac.com\/fr\/la-dependance\/\"]}]},{\"@type\":\"BreadcrumbList\",\"@id\":\"https:\/\/www.domainedebellac.com\/fr\/la-dependance\/#breadcrumb\",\"itemListElement\":[{\"@type\":\"ListItem\",\"position\":1,\"name\":\"Home\",\"item\":\"https:\/\/www.domainedebellac.com\/fr\/\"},{\"@type\":\"ListItem\",\"position\":2,\"name\":\"La Dependance\"}]},{\"@type\":\"WebSite\",\"@id\":\"https:\/\/www.domainedebellac.com\/fr\/#website\",\"url\":\"https:\/\/www.domainedebellac.com\/fr\/\",\"name\":\"Domaine de Bellac\",\"description\":\"\",\"potentialAction\":[{\"@type\":\"SearchAction\",\"target\":{\"@type\":\"EntryPoint\",\"urlTemplate\":\"https:\/\/www.domainedebellac.com\/fr\/?s={search_term_string}\"},\"query-input\":{\"@type\":\"PropertyValueSpecification\",\"valueRequired\":true,\"valueName\":\"search_term_string\"}}],\"inLanguage\":\"fr-FR\"}]}<\/script>\n<!-- \/ Yoast SEO plugin. -->","yoast_head_json":{"title":"La Dependance - Domaine de Bellac","robots":{"index":"index","follow":"follow","max-snippet":"max-snippet:-1","max-image-preview":"max-image-preview:large","max-video-preview":"max-video-preview:-1"},"canonical":"https:\/\/www.domainedebellac.com\/fr\/la-dependance\/","og_locale":"fr_FR","og_type":"article","og_title":"La Dependance - Domaine de Bellac","og_url":"https:\/\/www.domainedebellac.com\/fr\/la-dependance\/","og_site_name":"Domaine de Bellac","article_modified_time":"2017-05-22T08:42:29+00:00","twitter_card":"summary_large_image","schema":{"@context":"https:\/\/schema.org","@graph":[{"@type":"WebPage","@id":"https:\/\/www.domainedebellac.com\/fr\/la-dependance\/","url":"https:\/\/www.domainedebellac.com\/fr\/la-dependance\/","name":"La Dependance - Domaine de Bellac","isPartOf":{"@id":"https:\/\/www.domainedebellac.com\/fr\/#website"},"datePublished":"2017-05-19T14:29:57+00:00","dateModified":"2017-05-22T08:42:29+00:00","breadcrumb":{"@id":"https:\/\/www.domainedebellac.com\/fr\/la-dependance\/#breadcrumb"},"inLanguage":"fr-FR","potentialAction":[{"@type":"ReadAction","target":["https:\/\/www.domainedebellac.com\/fr\/la-dependance\/"]}]},{"@type":"BreadcrumbList","@id":"https:\/\/www.domainedebellac.com\/fr\/la-dependance\/#breadcrumb","itemListElement":[{"@type":"ListItem","position":1,"name":"Home","item":"https:\/\/www.domainedebellac.com\/fr\/"},{"@type":"ListItem","position":2,"name":"La Dependance"}]},{"@type":"WebSite","@id":"https:\/\/www.domainedebellac.com\/fr\/#website","url":"https:\/\/www.domainedebellac.com\/fr\/","name":"Domaine de Bellac","description":"","potentialAction":[{"@type":"SearchAction","target":{"@type":"EntryPoint","urlTemplate":"https:\/\/www.domainedebellac.com\/fr\/?s={search_term_string}"},"query-input":{"@type":"PropertyValueSpecification","valueRequired":true,"valueName":"search_term_string"}}],"inLanguage":"fr-FR"}]}},"_links":{"self":[{"href":"https:\/\/www.domainedebellac.com\/fr\/wp-json\/wp\/v2\/pages\/1387","targetHints":{"allow":["GET"]}}],"collection":[{"href":"https:\/\/www.domainedebellac.com\/fr\/wp-json\/wp\/v2\/pages"}],"about":[{"href":"https:\/\/www.domainedebellac.com\/fr\/wp-json\/wp\/v2\/types\/page"}],"author":[{"embeddable":true,"href":"https:\/\/www.domainedebellac.com\/fr\/wp-json\/wp\/v2\/users\/2"}],"replies":[{"embeddable":true,"href":"https:\/\/www.domainedebellac.com\/fr\/wp-json\/wp\/v2\/comments?post=1387"}],"version-history":[{"count":3,"href":"https:\/\/www.domainedebellac.com\/fr\/wp-json\/wp\/v2\/pages\/1387\/revisions"}],"predecessor-version":[{"id":6687,"href":"https:\/\/www.domainedebellac.com\/fr\/wp-json\/wp\/v2\/pages\/1387\/revisions\/6687"}],"wp:attachment":[{"href":"https:\/\/www.domainedebellac.com\/fr\/wp-json\/wp\/v2\/media?parent=1387"}],"curies":[{"name":"wp","href":"https:\/\/api.w.org\/{rel}","templated":true}]}}