{"id":1109,"date":"2017-05-03T12:00:12","date_gmt":"2017-05-03T10:00:12","guid":{"rendered":"https:\/\/www.domainedebellac.com\/?page_id=1109\/"},"modified":"2017-08-15T14:57:03","modified_gmt":"2017-08-15T12:57:03","slug":"a-propos-bellac","status":"publish","type":"page","link":"https:\/\/www.domainedebellac.com\/fr\/a-propos-bellac\/","title":{"rendered":"A propos de Bellac"},"content":{"rendered":"<\/div><\/div><\/div><!-- close content main div --><\/div><\/div><div id='full_slider_1'  class='avia-fullwidth-slider main_color avia-shadow    container_wrap fullsize'  ><div   data-size='featured_large'  data-lightbox_size='large'  data-animation='slide'  data-conditional_play=''  data-ids='186,634'  data-video_counter='0'  data-autoplay='true'  data-bg_slider='false'  data-slide_height=''  data-handle='av_slideshow_full'  data-interval='5'  data-class=' '  data-el_id=''  data-css_id=''  data-scroll_down=''  data-control_layout='av-control-default'  data-custom_markup=''  data-perma_caption=''  data-autoplay_stopper=''  data-image_attachment=''  data-min_height='0px'  data-lazy_loading='disabled'  data-src=''  data-position='top left'  data-repeat='no-repeat'  data-attach='scroll'  data-stretch=''  data-img_scrset=''  data-default-height='42'  class='avia-slideshow avia-slideshow-1  av-control-default av-default-height-applied avia-slideshow-featured_large av_slideshow_full   avia-slide-slider '  itemprop=\"image\" itemscope=\"itemscope\" itemtype=\"https:\/\/schema.org\/ImageObject\" ><ul class='avia-slideshow-inner ' style='padding-bottom: 42%;' ><li  class=' av-single-slide slide-1 ' ><div data-rel='slideshow-1' class='avia-slide-wrap '   ><img decoding=\"async\" class=\"wp-image-4399 avia-img-lazy-loading-not-4399\"  src=\"https:\/\/www.domainedebellac.com\/wp-content\/uploads\/2016\/11\/BASISBANNER-BELLAC2-1500x630.jpg\" width=\"1500\" height=\"630\" title='BASISBANNER-BELLAC2' alt=''  itemprop=\"thumbnailUrl\"   \/><\/div><\/li><\/ul><\/div><\/div>\n<\/div><\/div><\/div><!-- close content main div --><\/div><\/div><div id='av_section_1'  class='avia-section av-av_section-bb9bdb22c7f9e6bf1d52c155825dc7f7 main_color avia-section-default avia-no-shadow avia-bg-style-scroll container_wrap fullsize'  ><div class='container av-section-cont-open' ><div class='template-page content  av-content-full alpha units'><div class='post-entry post-entry-type-page post-entry-1109'><div class='entry-content-wrapper clearfix'>\n\n<style type=\"text\/css\" data-created_by=\"avia_inline_auto\" id=\"style-css-av-av_one_full-6126cab7d8fab8d08143dd2dacdf673c\">\n.flex_column.av-av_one_full-6126cab7d8fab8d08143dd2dacdf673c{\nborder-radius:0px 0px 0px 0px;\n-webkit-border-radius:0px 0px 0px 0px;\n-moz-border-radius:0px 0px 0px 0px;\n}\n<\/style>\n<div class='flex_column av-av_one_full-6126cab7d8fab8d08143dd2dacdf673c av_one_full first flex_column_div av-zero-column-padding '   ><p>\n<style type=\"text\/css\" data-created_by=\"avia_inline_auto\" id=\"style-css-av-av_heading-f94ad469366eeb64015cc60727d270df\">\n#top .av-special-heading.av-av_heading-f94ad469366eeb64015cc60727d270df{\npadding-bottom:20px;\n}\nbody .av-special-heading.av-av_heading-f94ad469366eeb64015cc60727d270df .av-special-heading-tag .heading-char{\nfont-size:25px;\n}\n.av-special-heading.av-av_heading-f94ad469366eeb64015cc60727d270df .av-subheading{\nfont-size:20px;\n}\n<\/style>\n<div  class='av-special-heading av-av_heading-f94ad469366eeb64015cc60727d270df av-special-heading-h1 blockquote modern-quote modern-centered'><h1 class='av-special-heading-tag'  itemprop=\"headline\"  >Domaine de bellac &#8211; havre de paix et de calme<\/h1><div class='av-subheading av-subheading_below'><p>Le plaisir \u00e0 l\u2019\u00e9tat pur!<\/p>\n<\/div><div class=\"special-heading-border\"><div class=\"special-heading-inner-border\"><\/div><\/div><\/div><br \/>\n<section  class='av_textblock_section av-av_textblock-35972167d9f102c5ddaec0c531c98b9e'  itemscope=\"itemscope\" itemtype=\"https:\/\/schema.org\/CreativeWork\" ><div class='avia_textblock'  itemprop=\"text\" ><p style=\"text-align: center;\">Entrez dans un havre de paix et de tranquillit\u00e9. D\u00e9couvrez les villages romantiques et les ch\u00e2teaux historiques. Visitez les march\u00e9s anim\u00e9s, faites la connaissance des habitants accueillants et profitez de produits locaux peu connus. Le P\u00e9rigord Vert. La r\u00e9gion la plus ensoleill\u00e9e et la plus verte de France.<\/p>\n<\/div><\/section><\/p><\/div>\n\n<\/div><\/div><\/div><!-- close content main div --><\/div><\/div>\n<style type=\"text\/css\" data-created_by=\"avia_inline_auto\" id=\"style-css-av-av_section-28e88a3dd3d83b6e5771af7f1fbef6fb\">\n.avia-section.av-av_section-28e88a3dd3d83b6e5771af7f1fbef6fb{\nbackground-color:#978f1f;\n}\n<\/style>\n<div id='av_section_2'  class='avia-section av-av_section-28e88a3dd3d83b6e5771af7f1fbef6fb main_color avia-section-default avia-no-border-styling avia-bg-style-scroll container_wrap fullsize'  ><div class='container av-section-cont-open' ><div class='template-page content  av-content-full alpha units'><div class='post-entry post-entry-type-page post-entry-1109'><div class='entry-content-wrapper clearfix'>\n\n<style type=\"text\/css\" data-created_by=\"avia_inline_auto\" id=\"style-css-av-av_heading-78a0e5334577eff15a20f762d5d6fdb5\">\n#top .av-special-heading.av-av_heading-78a0e5334577eff15a20f762d5d6fdb5{\npadding-bottom:12px;\ncolor:#ffffff;\n}\nbody .av-special-heading.av-av_heading-78a0e5334577eff15a20f762d5d6fdb5 .av-special-heading-tag .heading-char{\nfont-size:25px;\n}\n.av-special-heading.av-av_heading-78a0e5334577eff15a20f762d5d6fdb5 .special-heading-inner-border{\nborder-color:#ffffff;\n}\n.av-special-heading.av-av_heading-78a0e5334577eff15a20f762d5d6fdb5 .av-subheading{\nfont-size:20px;\n}\n<\/style>\n<div  class='av-special-heading av-av_heading-78a0e5334577eff15a20f762d5d6fdb5 av-special-heading-h2 custom-color-heading blockquote modern-quote'><h2 class='av-special-heading-tag'  itemprop=\"headline\"  >SAVIEZ-VOUS QUE NOTRE R\u00c9GION &#8230;<\/h2><div class=\"special-heading-border\"><div class=\"special-heading-inner-border\"><\/div><\/div><\/div>\n<div class='flex_column_table av-av_one_half-2ea43dc943ec52016d2f2ed41a8cec6e sc-av_one_half av-equal-height-column-flextable'>\n<style type=\"text\/css\" data-created_by=\"avia_inline_auto\" id=\"style-css-av-av_one_half-2ea43dc943ec52016d2f2ed41a8cec6e\">\n.flex_column.av-av_one_half-2ea43dc943ec52016d2f2ed41a8cec6e{\nborder-radius:0px 0px 0px 0px;\n-webkit-border-radius:0px 0px 0px 0px;\n-moz-border-radius:0px 0px 0px 0px;\n}\n<\/style>\n<div class='flex_column av-av_one_half-2ea43dc943ec52016d2f2ed41a8cec6e av_one_half first flex_column_table_cell av-equal-height-column av-align-middle av-zero-column-padding '   ><style type=\"text\/css\" data-created_by=\"avia_inline_auto\" id=\"style-css-av-av_textblock-1670e1cba371d03a052d72e0ad38b4e2\">\n#top .av_textblock_section.av-av_textblock-1670e1cba371d03a052d72e0ad38b4e2 .avia_textblock{\ncolor:#f8f8f8;\n}\n<\/style>\n<section  class='av_textblock_section av-av_textblock-1670e1cba371d03a052d72e0ad38b4e2'  itemscope=\"itemscope\" itemtype=\"https:\/\/schema.org\/CreativeWork\" ><div class='avia_textblock av_inherit_color'  itemprop=\"text\" ><ul>\n<li>Poss\u00e8de l\u2019air le plus pur de toute la France\u00a0?<\/li>\n<li>Organise de nombreux \u00e9v\u00e9nements\u00a0?<\/li>\n<li>Est la r\u00e9gion la plus ensoleill\u00e9e de France, apr\u00e8s la Provence\u00a0?<\/li>\n<\/ul>\n<\/div><\/section><\/div><\/div><!--close column table wrapper. Autoclose: 1 --><div class='flex_column_table av-av_one_half-c1b0ac16401146b96db2b8366ce68076 sc-av_one_half av-equal-height-column-flextable'><div class='av-flex-placeholder'><\/div>\n<style type=\"text\/css\" data-created_by=\"avia_inline_auto\" id=\"style-css-av-av_one_half-c1b0ac16401146b96db2b8366ce68076\">\n.flex_column.av-av_one_half-c1b0ac16401146b96db2b8366ce68076{\nborder-radius:0px 0px 0px 0px;\n-webkit-border-radius:0px 0px 0px 0px;\n-moz-border-radius:0px 0px 0px 0px;\n}\n<\/style>\n<div class='flex_column av-av_one_half-c1b0ac16401146b96db2b8366ce68076 av_one_half flex_column_table_cell av-equal-height-column av-align-middle av-zero-column-padding '   ><style type=\"text\/css\" data-created_by=\"avia_inline_auto\" id=\"style-css-av-av_textblock-1670e1cba371d03a052d72e0ad38b4e2\">\n#top .av_textblock_section.av-av_textblock-1670e1cba371d03a052d72e0ad38b4e2 .avia_textblock{\ncolor:#f8f8f8;\n}\n<\/style>\n<section  class='av_textblock_section av-av_textblock-1670e1cba371d03a052d72e0ad38b4e2'  itemscope=\"itemscope\" itemtype=\"https:\/\/schema.org\/CreativeWork\" ><div class='avia_textblock av_inherit_color'  itemprop=\"text\" ><ul>\n<li style=\"text-align: left;\">Est r\u00e9put\u00e9e pour l\u2019hospitalit\u00e9 de ses habitants\u00a0?<\/li>\n<li style=\"text-align: left;\">Se situe en dehors des grands circuits touristiques\u00a0?<\/li>\n<li style=\"text-align: left;\">Poss\u00e8de des sentiers de randonn\u00e9e et des pistes cyclables magnifiques\u00a0?<\/li>\n<\/ul>\n<\/div><\/section><\/div><\/div><!--close column table wrapper. Autoclose: 1 -->\n\n<\/div><\/div><\/div><!-- close content main div --><\/div><\/div><div id='av_section_3'  class='avia-section av-av_section-ddf09c88a1290094777b52c3866fa6fc main_color avia-section-default avia-no-border-styling avia-bg-style-scroll container_wrap fullsize'  ><div class='container av-section-cont-open' ><div class='template-page content  av-content-full alpha units'><div class='post-entry post-entry-type-page post-entry-1109'><div class='entry-content-wrapper clearfix'>\n\n<style type=\"text\/css\" data-created_by=\"avia_inline_auto\" id=\"style-css-av-av_one_full-6126cab7d8fab8d08143dd2dacdf673c\">\n.flex_column.av-av_one_full-6126cab7d8fab8d08143dd2dacdf673c{\nborder-radius:0px 0px 0px 0px;\n-webkit-border-radius:0px 0px 0px 0px;\n-moz-border-radius:0px 0px 0px 0px;\n}\n<\/style>\n<div class='flex_column av-av_one_full-6126cab7d8fab8d08143dd2dacdf673c av_one_full first flex_column_div av-zero-column-padding '   ><section  class='av_textblock_section av-av_textblock-35972167d9f102c5ddaec0c531c98b9e'  itemscope=\"itemscope\" itemtype=\"https:\/\/schema.org\/CreativeWork\" ><div class='avia_textblock'  itemprop=\"text\" ><div class=\"article_text\">\n<h3>Le Domaine de Bellac se situe \u00e0 la fronti\u00e8re entre la Dordogne et la Charente.<\/h3>\n<p>Le domaine porte le nom d\u2019un vieux ch\u00e2teau et est entour\u00e9 de collines verdoyantes, de bois et de nombreux lacs. Bellac est construit sur les fondations d\u2019un ancien ch\u00e2teau qui fut par la suite agrandi. Chaque ruine nous rappelle la riche histoire du lieu. Vous disposez d\u2019une vue magnifique sur la vall\u00e9e au confluent des d\u00e9partements de la Dordogne et de la Charente. La nature intacte est l\u2019endroit id\u00e9al pour se d\u00e9tendre, en laissant derri\u00e8re soi la stress du quotidien. Autour du Domaine de Bellac se trouvent de belles promenades et des pistes cyclables.<\/p>\n<\/div>\n<\/div><\/section><br \/>\n\n<style type=\"text\/css\" data-created_by=\"avia_inline_auto\" id=\"style-css-av-av_hr-628bae4eb3a56ca031c9e383e206c95c\">\n#top .hr.hr-invisible.av-av_hr-628bae4eb3a56ca031c9e383e206c95c{\nheight:20px;\n}\n<\/style>\n<div  class='hr av-av_hr-628bae4eb3a56ca031c9e383e206c95c hr-invisible'><span class='hr-inner '><span class=\"hr-inner-style\"><\/span><\/span><\/div><br \/>\n<section  class='av_textblock_section av-av_textblock-35972167d9f102c5ddaec0c531c98b9e'  itemscope=\"itemscope\" itemtype=\"https:\/\/schema.org\/CreativeWork\" ><div class='avia_textblock'  itemprop=\"text\" ><h3>D\u00e9tendez-vous dans la r\u00e9gion \u00e0 l\u2019air le plus pur de France<\/h3>\n<p>D\u00e9couvrez des villages typiques, des villes, et des ch\u00e2teaux historiques. Visitez le march\u00e9 anim\u00e9, partez \u00e0 la rencontre des habitants accueillants et profiter de produits locaux peu connus. La r\u00e9gion offre d\u2019excellents restaurants \u00e0 des prix attirants.<\/p>\n<\/div><\/section><br \/>\n\n<style type=\"text\/css\" data-created_by=\"avia_inline_auto\" id=\"style-css-av-av_hr-628bae4eb3a56ca031c9e383e206c95c\">\n#top .hr.hr-invisible.av-av_hr-628bae4eb3a56ca031c9e383e206c95c{\nheight:20px;\n}\n<\/style>\n<div  class='hr av-av_hr-628bae4eb3a56ca031c9e383e206c95c hr-invisible'><span class='hr-inner '><span class=\"hr-inner-style\"><\/span><\/span><\/div><br \/>\n<section  class='av_textblock_section av-av_textblock-35972167d9f102c5ddaec0c531c98b9e'  itemscope=\"itemscope\" itemtype=\"https:\/\/schema.org\/CreativeWork\" ><div class='avia_textblock'  itemprop=\"text\" ><h3>Activit\u00e9s<\/h3>\n<p>La r\u00e9gion vous invite \u00e0 profiter des nombreuses promenades, pistes cyclables, pistes de VTT et parcours de golf. Vous trouverez des plages de sable fin bordant de grands lacs. Nombreuses possibilit\u00e9s de location de p\u00e9dalos, de bateaux \u00e0 voile et de cano\u00ebs.<\/p>\n<\/div><\/section><br \/>\n\n<style type=\"text\/css\" data-created_by=\"avia_inline_auto\" id=\"style-css-av-av_hr-628bae4eb3a56ca031c9e383e206c95c\">\n#top .hr.hr-invisible.av-av_hr-628bae4eb3a56ca031c9e383e206c95c{\nheight:20px;\n}\n<\/style>\n<div  class='hr av-av_hr-628bae4eb3a56ca031c9e383e206c95c hr-invisible'><span class='hr-inner '><span class=\"hr-inner-style\"><\/span><\/span><\/div><br \/>\n<section  class='av_textblock_section av-av_textblock-35972167d9f102c5ddaec0c531c98b9e'  itemscope=\"itemscope\" itemtype=\"https:\/\/schema.org\/CreativeWork\" ><div class='avia_textblock'  itemprop=\"text\" ><h3>Golf<\/h3>\n<p>En bordure du Domaine de Bellac, vous trouverez le <strong>golf de la Pr\u00e8ze. <\/strong>Ce parcours de 18 trous est particuli\u00e8rement r\u00e9put\u00e9. En haute saison, vous pourrez y suivre des cours d&rsquo;initiation. Les personnes en qu\u00eate d&rsquo;un s\u00e9jour \u00e0 th\u00e8me pourront r\u00e9server une prestation compl\u00e8te sur le th\u00e8me du golf. Outre le golf de la Pr\u00e8ze, de nombreux autres parcours de golf sont accessibles dans la r\u00e9gion.<\/p>\n<\/div><\/section><br \/>\n\n<style type=\"text\/css\" data-created_by=\"avia_inline_auto\" id=\"style-css-av-av_hr-628bae4eb3a56ca031c9e383e206c95c\">\n#top .hr.hr-invisible.av-av_hr-628bae4eb3a56ca031c9e383e206c95c{\nheight:20px;\n}\n<\/style>\n<div  class='hr av-av_hr-628bae4eb3a56ca031c9e383e206c95c hr-invisible'><span class='hr-inner '><span class=\"hr-inner-style\"><\/span><\/span><\/div><br \/>\n<section  class='av_textblock_section av-av_textblock-35972167d9f102c5ddaec0c531c98b9e'  itemscope=\"itemscope\" itemtype=\"https:\/\/schema.org\/CreativeWork\" ><div class='avia_textblock'  itemprop=\"text\" ><p><em><strong>Si vous \u00eates \u00e0 la recherche d&rsquo;un s\u00e9jour abordable, dans une r\u00e9gion entour\u00e9e de collines verdoyantes et dans un cadre naturel intact, le Domaine de Bellac est une destination de choix.<\/strong><\/em><\/p>\n<div class=\"article_text\"><\/div>\n<\/div><\/section><\/p><\/div>\n\n<\/div><\/div><\/div><!-- close content main div --><\/div><\/div>\n<style type=\"text\/css\" data-created_by=\"avia_inline_auto\" id=\"style-css-av-av_section-28e88a3dd3d83b6e5771af7f1fbef6fb\">\n.avia-section.av-av_section-28e88a3dd3d83b6e5771af7f1fbef6fb{\nbackground-color:#978f1f;\n}\n<\/style>\n<div id='av_section_4'  class='avia-section av-av_section-28e88a3dd3d83b6e5771af7f1fbef6fb main_color avia-section-default avia-no-border-styling avia-bg-style-scroll container_wrap fullsize'  ><div class='container av-section-cont-open' ><div class='template-page content  av-content-full alpha units'><div class='post-entry post-entry-type-page post-entry-1109'><div class='entry-content-wrapper clearfix'>\n\n<style type=\"text\/css\" data-created_by=\"avia_inline_auto\" id=\"style-css-av-av_one_third-6126cab7d8fab8d08143dd2dacdf673c\">\n.flex_column.av-av_one_third-6126cab7d8fab8d08143dd2dacdf673c{\nborder-radius:0px 0px 0px 0px;\n-webkit-border-radius:0px 0px 0px 0px;\n-moz-border-radius:0px 0px 0px 0px;\n}\n<\/style>\n<div class='flex_column av-av_one_third-6126cab7d8fab8d08143dd2dacdf673c av_one_third first flex_column_div av-zero-column-padding '   ><div  class='avia-button-wrap avia-button-center  groteknop' ><a href='https:\/\/www.domainedebellac.com\/maisonnettes\/'  class='avia-button av-av_button-5fa8a69e42d3da2e13b4efd03a3046b6 avia-icon_select-yes-right-icon avia-size-x-large avia-position-center avia-color-light' ><span class='avia_iconbox_title' >Maisonnettes<\/span><span class='avia_button_icon avia_button_icon_right' aria-hidden='true' data-av_icon='\ue832' data-av_iconfont='entypo-fontello'><\/span><\/a><\/div><\/div>\n<style type=\"text\/css\" data-created_by=\"avia_inline_auto\" id=\"style-css-av-av_one_third-0aa7055fe62c3622faec82866afbaeb2\">\n.flex_column.av-av_one_third-0aa7055fe62c3622faec82866afbaeb2{\nborder-radius:0px 0px 0px 0px;\n-webkit-border-radius:0px 0px 0px 0px;\n-moz-border-radius:0px 0px 0px 0px;\n}\n<\/style>\n<div class='flex_column av-av_one_third-0aa7055fe62c3622faec82866afbaeb2 av_one_third flex_column_div av-zero-column-padding '   ><div  class='avia-button-wrap avia-button-center  groteknop' ><a href='https:\/\/www.domainedebellac.com\/fr\/activites\/'  class='avia-button av-av_button-86a15a01df58b69a450b7b6e7b7e529e avia-icon_select-yes-right-icon avia-size-x-large avia-position-center avia-color-light' ><span class='avia_iconbox_title' >Tarifs <\/span><span class='avia_button_icon avia_button_icon_right' aria-hidden='true' data-av_icon='\ue832' data-av_iconfont='entypo-fontello'><\/span><\/a><\/div><\/div>\n<style type=\"text\/css\" data-created_by=\"avia_inline_auto\" id=\"style-css-av-av_one_third-0aa7055fe62c3622faec82866afbaeb2\">\n.flex_column.av-av_one_third-0aa7055fe62c3622faec82866afbaeb2{\nborder-radius:0px 0px 0px 0px;\n-webkit-border-radius:0px 0px 0px 0px;\n-moz-border-radius:0px 0px 0px 0px;\n}\n<\/style>\n<div class='flex_column av-av_one_third-0aa7055fe62c3622faec82866afbaeb2 av_one_third flex_column_div av-zero-column-padding '   ><div  class='avia-button-wrap avia-button-center  groteknop' ><a href='https:\/\/www.domainedebellac.com\/fr\/activites\/'  class='avia-button av-av_button-11b67977fe62b24a86642f3b998439cc avia-icon_select-yes-right-icon avia-size-x-large avia-position-center avia-color-light' ><span class='avia_iconbox_title' >R\u00e9servations<\/span><span class='avia_button_icon avia_button_icon_right' aria-hidden='true' data-av_icon='\ue832' data-av_iconfont='entypo-fontello'><\/span><\/a><\/div><\/div>\n\n","protected":false},"excerpt":{"rendered":"","protected":false},"author":2,"featured_media":0,"parent":0,"menu_order":76,"comment_status":"closed","ping_status":"closed","template":"","meta":{"footnotes":""},"class_list":["post-1109","page","type-page","status-publish","hentry"],"yoast_head":"<!-- This site is optimized with the Yoast SEO plugin v25.1 - https:\/\/yoast.com\/wordpress\/plugins\/seo\/ -->\n<title>A propos de Bellac - Domaine de Bellac<\/title>\n<meta name=\"robots\" content=\"index, follow, max-snippet:-1, max-image-preview:large, max-video-preview:-1\" \/>\n<link rel=\"canonical\" href=\"https:\/\/www.domainedebellac.com\/fr\/a-propos-bellac\/\" \/>\n<meta property=\"og:locale\" content=\"fr_FR\" \/>\n<meta property=\"og:type\" content=\"article\" \/>\n<meta property=\"og:title\" content=\"A propos de Bellac - Domaine de Bellac\" \/>\n<meta property=\"og:url\" content=\"https:\/\/www.domainedebellac.com\/fr\/a-propos-bellac\/\" \/>\n<meta property=\"og:site_name\" content=\"Domaine de Bellac\" \/>\n<meta property=\"article:modified_time\" content=\"2017-08-15T12:57:03+00:00\" \/>\n<meta name=\"twitter:card\" content=\"summary_large_image\" \/>\n<meta name=\"twitter:label1\" content=\"Dur\u00e9e de lecture estim\u00e9e\" \/>\n\t<meta name=\"twitter:data1\" content=\"10 minutes\" \/>\n<script type=\"application\/ld+json\" class=\"yoast-schema-graph\">{\"@context\":\"https:\/\/schema.org\",\"@graph\":[{\"@type\":\"WebPage\",\"@id\":\"https:\/\/www.domainedebellac.com\/fr\/a-propos-bellac\/\",\"url\":\"https:\/\/www.domainedebellac.com\/fr\/a-propos-bellac\/\",\"name\":\"A propos de Bellac - Domaine de Bellac\",\"isPartOf\":{\"@id\":\"https:\/\/www.domainedebellac.com\/fr\/#website\"},\"datePublished\":\"2017-05-03T10:00:12+00:00\",\"dateModified\":\"2017-08-15T12:57:03+00:00\",\"breadcrumb\":{\"@id\":\"https:\/\/www.domainedebellac.com\/fr\/a-propos-bellac\/#breadcrumb\"},\"inLanguage\":\"fr-FR\",\"potentialAction\":[{\"@type\":\"ReadAction\",\"target\":[\"https:\/\/www.domainedebellac.com\/fr\/a-propos-bellac\/\"]}]},{\"@type\":\"BreadcrumbList\",\"@id\":\"https:\/\/www.domainedebellac.com\/fr\/a-propos-bellac\/#breadcrumb\",\"itemListElement\":[{\"@type\":\"ListItem\",\"position\":1,\"name\":\"Home\",\"item\":\"https:\/\/www.domainedebellac.com\/fr\/\"},{\"@type\":\"ListItem\",\"position\":2,\"name\":\"A propos de Bellac\"}]},{\"@type\":\"WebSite\",\"@id\":\"https:\/\/www.domainedebellac.com\/fr\/#website\",\"url\":\"https:\/\/www.domainedebellac.com\/fr\/\",\"name\":\"Domaine de Bellac\",\"description\":\"\",\"potentialAction\":[{\"@type\":\"SearchAction\",\"target\":{\"@type\":\"EntryPoint\",\"urlTemplate\":\"https:\/\/www.domainedebellac.com\/fr\/?s={search_term_string}\"},\"query-input\":{\"@type\":\"PropertyValueSpecification\",\"valueRequired\":true,\"valueName\":\"search_term_string\"}}],\"inLanguage\":\"fr-FR\"}]}<\/script>\n<!-- \/ Yoast SEO plugin. -->","yoast_head_json":{"title":"A propos de Bellac - Domaine de Bellac","robots":{"index":"index","follow":"follow","max-snippet":"max-snippet:-1","max-image-preview":"max-image-preview:large","max-video-preview":"max-video-preview:-1"},"canonical":"https:\/\/www.domainedebellac.com\/fr\/a-propos-bellac\/","og_locale":"fr_FR","og_type":"article","og_title":"A propos de Bellac - Domaine de Bellac","og_url":"https:\/\/www.domainedebellac.com\/fr\/a-propos-bellac\/","og_site_name":"Domaine de Bellac","article_modified_time":"2017-08-15T12:57:03+00:00","twitter_card":"summary_large_image","twitter_misc":{"Dur\u00e9e de lecture estim\u00e9e":"10 minutes"},"schema":{"@context":"https:\/\/schema.org","@graph":[{"@type":"WebPage","@id":"https:\/\/www.domainedebellac.com\/fr\/a-propos-bellac\/","url":"https:\/\/www.domainedebellac.com\/fr\/a-propos-bellac\/","name":"A propos de Bellac - Domaine de Bellac","isPartOf":{"@id":"https:\/\/www.domainedebellac.com\/fr\/#website"},"datePublished":"2017-05-03T10:00:12+00:00","dateModified":"2017-08-15T12:57:03+00:00","breadcrumb":{"@id":"https:\/\/www.domainedebellac.com\/fr\/a-propos-bellac\/#breadcrumb"},"inLanguage":"fr-FR","potentialAction":[{"@type":"ReadAction","target":["https:\/\/www.domainedebellac.com\/fr\/a-propos-bellac\/"]}]},{"@type":"BreadcrumbList","@id":"https:\/\/www.domainedebellac.com\/fr\/a-propos-bellac\/#breadcrumb","itemListElement":[{"@type":"ListItem","position":1,"name":"Home","item":"https:\/\/www.domainedebellac.com\/fr\/"},{"@type":"ListItem","position":2,"name":"A propos de Bellac"}]},{"@type":"WebSite","@id":"https:\/\/www.domainedebellac.com\/fr\/#website","url":"https:\/\/www.domainedebellac.com\/fr\/","name":"Domaine de Bellac","description":"","potentialAction":[{"@type":"SearchAction","target":{"@type":"EntryPoint","urlTemplate":"https:\/\/www.domainedebellac.com\/fr\/?s={search_term_string}"},"query-input":{"@type":"PropertyValueSpecification","valueRequired":true,"valueName":"search_term_string"}}],"inLanguage":"fr-FR"}]}},"_links":{"self":[{"href":"https:\/\/www.domainedebellac.com\/fr\/wp-json\/wp\/v2\/pages\/1109","targetHints":{"allow":["GET"]}}],"collection":[{"href":"https:\/\/www.domainedebellac.com\/fr\/wp-json\/wp\/v2\/pages"}],"about":[{"href":"https:\/\/www.domainedebellac.com\/fr\/wp-json\/wp\/v2\/types\/page"}],"author":[{"embeddable":true,"href":"https:\/\/www.domainedebellac.com\/fr\/wp-json\/wp\/v2\/users\/2"}],"replies":[{"embeddable":true,"href":"https:\/\/www.domainedebellac.com\/fr\/wp-json\/wp\/v2\/comments?post=1109"}],"version-history":[{"count":4,"href":"https:\/\/www.domainedebellac.com\/fr\/wp-json\/wp\/v2\/pages\/1109\/revisions"}],"predecessor-version":[{"id":6707,"href":"https:\/\/www.domainedebellac.com\/fr\/wp-json\/wp\/v2\/pages\/1109\/revisions\/6707"}],"wp:attachment":[{"href":"https:\/\/www.domainedebellac.com\/fr\/wp-json\/wp\/v2\/media?parent=1109"}],"curies":[{"name":"wp","href":"https:\/\/api.w.org\/{rel}","templated":true}]}}