{"id":1103,"date":"2017-05-03T11:52:38","date_gmt":"2017-05-03T09:52:38","guid":{"rendered":"https:\/\/www.domainedebellac.com\/?page_id=1103\/"},"modified":"2017-05-03T11:54:09","modified_gmt":"2017-05-03T09:54:09","slug":"activites","status":"publish","type":"page","link":"https:\/\/www.domainedebellac.com\/fr\/activites\/","title":{"rendered":"Activit\u00e9s"},"content":{"rendered":"<div id='av_section_1'  class='avia-section av-av_section-bb9bdb22c7f9e6bf1d52c155825dc7f7 main_color avia-section-default avia-no-shadow  avia-builder-el-0  el_before_av_section  avia-builder-el-first  avia-bg-style-scroll container_wrap fullsize'  ><div class='container av-section-cont-open' ><main  role=\"main\" itemprop=\"mainContentOfPage\"  class='template-page content  av-content-full alpha units'><div class='post-entry post-entry-type-page post-entry-1103'><div class='entry-content-wrapper clearfix'>\n\n<style type=\"text\/css\" data-created_by=\"avia_inline_auto\" id=\"style-css-av-av_one_full-6126cab7d8fab8d08143dd2dacdf673c\">\n.flex_column.av-av_one_full-6126cab7d8fab8d08143dd2dacdf673c{\nborder-radius:0px 0px 0px 0px;\n-webkit-border-radius:0px 0px 0px 0px;\n-moz-border-radius:0px 0px 0px 0px;\n}\n<\/style>\n<div class='flex_column av-av_one_full-6126cab7d8fab8d08143dd2dacdf673c av_one_full  avia-builder-el-1  avia-builder-el-no-sibling  first flex_column_div av-zero-column-padding '   ><p>\n<style type=\"text\/css\" data-created_by=\"avia_inline_auto\" id=\"style-css-av-av_heading-14fca1db21fe60841ef8ce6086dbe2a5\">\n#top .av-special-heading.av-av_heading-14fca1db21fe60841ef8ce6086dbe2a5{\npadding-bottom:20px;\n}\nbody .av-special-heading.av-av_heading-14fca1db21fe60841ef8ce6086dbe2a5 .av-special-heading-tag .heading-char{\nfont-size:25px;\n}\n.av-special-heading.av-av_heading-14fca1db21fe60841ef8ce6086dbe2a5 .av-subheading{\nfont-size:20px;\n}\n<\/style>\n<div  class='av-special-heading av-av_heading-14fca1db21fe60841ef8ce6086dbe2a5 av-special-heading-h1 blockquote modern-quote modern-centered  avia-builder-el-2  el_before_av_textblock  avia-builder-el-first '><h1 class='av-special-heading-tag'  itemprop=\"headline\"  >Activit\u00e9s <\/h1><div class='av-subheading av-subheading_below'><p>Randonn\u00e9es, cyclisme, vtt, baignade, p\u00eache, golf et cano\u00eb<\/p>\n<\/div><div class=\"special-heading-border\"><div class=\"special-heading-inner-border\"><\/div><\/div><\/div><br \/>\n<section  class='av_textblock_section av-av_textblock-35972167d9f102c5ddaec0c531c98b9e'  itemscope=\"itemscope\" itemtype=\"https:\/\/schema.org\/CreativeWork\" ><div class='avia_textblock'  itemprop=\"text\" ><p style=\"text-align: center;\">Le Limousin et la Dordogne : une r\u00e9gion diverse et vari\u00e9e aux activit\u00e9s multiples, avec randonn\u00e9es, VTT, golf et cano\u00eb dans la rivi\u00e8re \u00e0 courant rapide. Faites un plongeon dans un des lacs aux eaux limpides. Profitez des belles plages de sable fin. Et profitez avant tout de l\u2019ambiance enchanteresse et inspirante, au climat d\u2019une puret\u00e9 sans \u00e9gale. De v\u00e9ritables moments de plaisir. La nature \u00e0 l\u2019\u00e9tat sauvage. La France dans toute sa splendeur.<\/p>\n<\/div><\/section><\/p><\/div>\n\n<\/div><\/div><\/main><!-- close content main element --><\/div><\/div>\n<style type=\"text\/css\" data-created_by=\"avia_inline_auto\" id=\"style-css-av-av_section-28e88a3dd3d83b6e5771af7f1fbef6fb\">\n.avia-section.av-av_section-28e88a3dd3d83b6e5771af7f1fbef6fb{\nbackground-color:#978f1f;\n}\n<\/style>\n<div id='av_section_2'  class='avia-section av-av_section-28e88a3dd3d83b6e5771af7f1fbef6fb main_color avia-section-default avia-no-border-styling  avia-builder-el-4  el_after_av_section  el_before_av_section  avia-bg-style-scroll container_wrap fullsize'  ><div class='container av-section-cont-open' ><div class='template-page content  av-content-full alpha units'><div class='post-entry post-entry-type-page post-entry-1103'><div class='entry-content-wrapper clearfix'>\n<div class='flex_column_table av-av_two_third-2ea43dc943ec52016d2f2ed41a8cec6e sc-av_two_third av-equal-height-column-flextable'>\n<style type=\"text\/css\" data-created_by=\"avia_inline_auto\" id=\"style-css-av-av_two_third-2ea43dc943ec52016d2f2ed41a8cec6e\">\n.flex_column.av-av_two_third-2ea43dc943ec52016d2f2ed41a8cec6e{\nborder-radius:0px 0px 0px 0px;\n-webkit-border-radius:0px 0px 0px 0px;\n-moz-border-radius:0px 0px 0px 0px;\n}\n<\/style>\n<div class='flex_column av-av_two_third-2ea43dc943ec52016d2f2ed41a8cec6e av_two_third  avia-builder-el-5  el_before_av_one_third  avia-builder-el-first  first flex_column_table_cell av-equal-height-column av-align-middle av-zero-column-padding '   ><p>\n<style type=\"text\/css\" data-created_by=\"avia_inline_auto\" id=\"style-css-av-av_heading-31b97cdfd758012fb0b924babb385a9d\">\n#top .av-special-heading.av-av_heading-31b97cdfd758012fb0b924babb385a9d{\npadding-bottom:12px;\ncolor:#ffffff;\n}\nbody .av-special-heading.av-av_heading-31b97cdfd758012fb0b924babb385a9d .av-special-heading-tag .heading-char{\nfont-size:25px;\n}\n.av-special-heading.av-av_heading-31b97cdfd758012fb0b924babb385a9d .special-heading-inner-border{\nborder-color:#ffffff;\n}\n.av-special-heading.av-av_heading-31b97cdfd758012fb0b924babb385a9d .av-subheading{\nfont-size:20px;\n}\n<\/style>\n<div  class='av-special-heading av-av_heading-31b97cdfd758012fb0b924babb385a9d av-special-heading-h2 custom-color-heading blockquote modern-quote  avia-builder-el-6  el_before_av_textblock  avia-builder-el-first '><h2 class='av-special-heading-tag'  itemprop=\"headline\"  >PARCOURS DE GOLF \u00c0 1 KM !<\/h2><div class=\"special-heading-border\"><div class=\"special-heading-inner-border\"><\/div><\/div><\/div><br \/>\n\n<style type=\"text\/css\" data-created_by=\"avia_inline_auto\" id=\"style-css-av-av_textblock-1670e1cba371d03a052d72e0ad38b4e2\">\n#top .av_textblock_section.av-av_textblock-1670e1cba371d03a052d72e0ad38b4e2 .avia_textblock{\ncolor:#f8f8f8;\n}\n<\/style>\n<section  class='av_textblock_section av-av_textblock-1670e1cba371d03a052d72e0ad38b4e2'  itemscope=\"itemscope\" itemtype=\"https:\/\/schema.org\/CreativeWork\" ><div class='avia_textblock av_inherit_color'  itemprop=\"text\" ><p>Vous pouvez jouer au golf sur le magnifique parcours de 18 trous du golf de la Pr\u00e8ze \u00e0 proximit\u00e9 imm\u00e9diate du Domaine de Bellac (1 km). En haute saison, des cours d\u2019initiation, ludiques et accessibles \u00e0 toute la famille, sont disponibles. Vous cherchez un s\u00e9jour de golf ? Vous pouvez d\u00e9sormais r\u00e9server notre forfait sp\u00e9cial golf.<\/p>\n<\/div><\/section><\/p><\/div><div class='av-flex-placeholder'><\/div>\n<style type=\"text\/css\" data-created_by=\"avia_inline_auto\" id=\"style-css-av-av_one_third-0aa7055fe62c3622faec82866afbaeb2\">\n.flex_column.av-av_one_third-0aa7055fe62c3622faec82866afbaeb2{\nborder-radius:0px 0px 0px 0px;\n-webkit-border-radius:0px 0px 0px 0px;\n-moz-border-radius:0px 0px 0px 0px;\n}\n<\/style>\n<div class='flex_column av-av_one_third-0aa7055fe62c3622faec82866afbaeb2 av_one_third  avia-builder-el-8  el_after_av_two_third  avia-builder-el-last  flex_column_table_cell av-equal-height-column av-align-middle av-zero-column-padding '   ><div  class='avia-button-wrap avia-button-center  avia-builder-el-9  avia-builder-el-no-sibling  groteknop' ><a href='http:\/\/www.golfdelapreze.com\/' class='avia-button av-av_button-dba536d2d8ac43cc96c9c2d2bac6ee3e avia-icon_select-yes-right-icon avia-size-x-large avia-position-center avia-color-light' target=\"_blank\" rel=\"noopener noreferrer\"><span class='avia_iconbox_title' >Golfpark La Pr\u00e8ze<\/span><span class='avia_button_icon avia_button_icon_right' aria-hidden='true' data-av_icon='\ue832' data-av_iconfont='entypo-fontello'><\/span><\/a><\/div><\/div><\/div><!--close column table wrapper. Autoclose: 1 -->\n\n<\/div><\/div><\/div><!-- close content main div --><\/div><\/div><div id='av_section_3'  class='avia-section av-av_section-ddf09c88a1290094777b52c3866fa6fc main_color avia-section-default avia-no-border-styling  avia-builder-el-10  el_after_av_section  avia-builder-el-last  avia-bg-style-scroll container_wrap fullsize'  ><div class='container av-section-cont-open' ><div class='template-page content  av-content-full alpha units'><div class='post-entry post-entry-type-page post-entry-1103'><div class='entry-content-wrapper clearfix'>\n\n<style type=\"text\/css\" data-created_by=\"avia_inline_auto\" id=\"style-css-av-av_heading-d4b443e42577c350070ef27cac298475\">\n#top .av-special-heading.av-av_heading-d4b443e42577c350070ef27cac298475{\npadding-bottom:20px;\n}\nbody .av-special-heading.av-av_heading-d4b443e42577c350070ef27cac298475 .av-special-heading-tag .heading-char{\nfont-size:25px;\n}\n.av-special-heading.av-av_heading-d4b443e42577c350070ef27cac298475 .av-subheading{\nfont-size:20px;\n}\n<\/style>\n<div  class='av-special-heading av-av_heading-d4b443e42577c350070ef27cac298475 av-special-heading-h1 blockquote modern-quote modern-centered'><h1 class='av-special-heading-tag'  itemprop=\"headline\"  >Autres Activit\u00e9s<\/h1><div class=\"special-heading-border\"><div class=\"special-heading-inner-border\"><\/div><\/div><\/div>\n\n<style type=\"text\/css\" data-created_by=\"avia_inline_auto\" id=\"style-css-av-av_one_half-6126cab7d8fab8d08143dd2dacdf673c\">\n.flex_column.av-av_one_half-6126cab7d8fab8d08143dd2dacdf673c{\nborder-radius:0px 0px 0px 0px;\n-webkit-border-radius:0px 0px 0px 0px;\n-moz-border-radius:0px 0px 0px 0px;\n}\n<\/style>\n<div class='flex_column av-av_one_half-6126cab7d8fab8d08143dd2dacdf673c av_one_half  avia-builder-el-11  el_before_av_one_half  avia-builder-el-first  first flex_column_div av-zero-column-padding '   ><style type=\"text\/css\" data-created_by=\"avia_inline_auto\" id=\"style-css-av-av_iconlist-bda531a488db557e0e9f47deb8605b2a\">\n#top .avia-icon-list-container.av-av_iconlist-bda531a488db557e0e9f47deb8605b2a .iconlist_icon{\nbackground-color:#978f1f;\nborder:1px solid #978f1f;\n}\n#top #wrap_all .avia-icon-list-container.av-av_iconlist-bda531a488db557e0e9f47deb8605b2a .av_iconlist_title{\ncolor:#000000;\n}\n.avia-icon-list-container.av-av_iconlist-bda531a488db557e0e9f47deb8605b2a .iconlist_content{\ncolor:#000000;\n}\n<\/style>\n<div  class='avia-icon-list-container av-av_iconlist-bda531a488db557e0e9f47deb8605b2a  avia-builder-el-12  avia-builder-el-no-sibling '><ul class='avia-icon-list avia_animate_when_almost_visible avia-icon-list-left av-iconlist-big av-av_iconlist-bda531a488db557e0e9f47deb8605b2a avia-iconlist-animate'>\n<li><div class='iconlist_icon av-av_iconlist_item-5c9f76722e5fb938fcf98e7ad70715dd avia-font-entypo-fontello'><span class='iconlist-char' aria-hidden='true' data-av_icon='\ue808' data-av_iconfont='entypo-fontello'><\/span><\/div><article class=\"article-icon-entry \"  itemscope=\"itemscope\" itemtype=\"https:\/\/schema.org\/CreativeWork\" ><div class=\"iconlist_content_wrap\"><header class=\"entry-content-header\"><h4 class='av_iconlist_title iconlist_title  av_inherit_color'  itemprop=\"headline\" ><a href='http:\/\/www.lacharente.com' title='La Charente' target=\"_blank\" rel=\"noopener noreferrer\">La Charente<\/a><\/h4><\/header><div class='iconlist_content av_inherit_color'  itemprop=\"text\" ><p>Site officiel du tourisme en Charente<\/p>\n<\/div><\/div><footer class=\"entry-footer\"><\/footer><\/article><div class=\"iconlist-timeline\"><\/div><\/li>\n<li><div class='iconlist_icon av-av_iconlist_item-e9e4f1d9ff37a8b09029394e2b58110e avia-font-entypo-fontello'><span class='iconlist-char' aria-hidden='true' data-av_icon='\ue808' data-av_iconfont='entypo-fontello'><\/span><\/div><article class=\"article-icon-entry \"  itemscope=\"itemscope\" itemtype=\"https:\/\/schema.org\/CreativeWork\" ><div class=\"iconlist_content_wrap\"><header class=\"entry-content-header\"><h4 class='av_iconlist_title iconlist_title  av_inherit_color'  itemprop=\"headline\" ><a href=' www.dordogne-vakantie.nl' title='Dordogne &amp; Vacances' target=\"_blank\" rel=\"noopener noreferrer\">Dordogne &amp; Vacances<\/a><\/h4><\/header><div class='iconlist_content av_inherit_color'  itemprop=\"text\" ><p>Vue d&rsquo;ensemble de toutes les activit\u00e9s en Dordogne<\/p>\n<\/div><\/div><footer class=\"entry-footer\"><\/footer><\/article><div class=\"iconlist-timeline\"><\/div><\/li>\n<li><div class='iconlist_icon av-av_iconlist_item-c9ae32107f2c880f1971e03a4ee09236 avia-font-entypo-fontello'><span class='iconlist-char' aria-hidden='true' data-av_icon='\ue808' data-av_iconfont='entypo-fontello'><\/span><\/div><article class=\"article-icon-entry \"  itemscope=\"itemscope\" itemtype=\"https:\/\/schema.org\/CreativeWork\" ><div class=\"iconlist_content_wrap\"><header class=\"entry-content-header\"><h4 class='av_iconlist_title iconlist_title  av_inherit_color'  itemprop=\"headline\" ><a href='http:\/\/www.aventure-parc.fr\/lacs-de-haute-charente' title='Aventures Parc en Charente' target=\"_blank\" rel=\"noopener noreferrer\">Aventures Parc en Charente<\/a><\/h4><\/header><div class='iconlist_content av_inherit_color'  itemprop=\"text\" ><p>Faites de l&rsquo;escalade comme un v\u00e9ritable aventurier<\/p>\n<\/div><\/div><footer class=\"entry-footer\"><\/footer><\/article><div class=\"iconlist-timeline\"><\/div><\/li>\n<\/ul><\/div><\/div>\n<style type=\"text\/css\" data-created_by=\"avia_inline_auto\" id=\"style-css-av-av_one_half-0aa7055fe62c3622faec82866afbaeb2\">\n.flex_column.av-av_one_half-0aa7055fe62c3622faec82866afbaeb2{\nborder-radius:0px 0px 0px 0px;\n-webkit-border-radius:0px 0px 0px 0px;\n-moz-border-radius:0px 0px 0px 0px;\n}\n<\/style>\n<div class='flex_column av-av_one_half-0aa7055fe62c3622faec82866afbaeb2 av_one_half  avia-builder-el-13  el_after_av_one_half  avia-builder-el-last  flex_column_div av-zero-column-padding '   ><style type=\"text\/css\" data-created_by=\"avia_inline_auto\" id=\"style-css-av-av_iconlist-bda531a488db557e0e9f47deb8605b2a\">\n#top .avia-icon-list-container.av-av_iconlist-bda531a488db557e0e9f47deb8605b2a .iconlist_icon{\nbackground-color:#978f1f;\nborder:1px solid #978f1f;\n}\n#top #wrap_all .avia-icon-list-container.av-av_iconlist-bda531a488db557e0e9f47deb8605b2a .av_iconlist_title{\ncolor:#000000;\n}\n.avia-icon-list-container.av-av_iconlist-bda531a488db557e0e9f47deb8605b2a .iconlist_content{\ncolor:#000000;\n}\n<\/style>\n<div  class='avia-icon-list-container av-av_iconlist-bda531a488db557e0e9f47deb8605b2a  avia-builder-el-14  avia-builder-el-no-sibling '><ul class='avia-icon-list avia_animate_when_almost_visible avia-icon-list-left av-iconlist-big av-av_iconlist-bda531a488db557e0e9f47deb8605b2a avia-iconlist-animate'>\n<li><div class='iconlist_icon av-av_iconlist_item-4ae42690631d428078fcdb0377e78a43 avia-font-entypo-fontello'><span class='iconlist-char' aria-hidden='true' data-av_icon='\ue808' data-av_iconfont='entypo-fontello'><\/span><\/div><article class=\"article-icon-entry \"  itemscope=\"itemscope\" itemtype=\"https:\/\/schema.org\/CreativeWork\" ><div class=\"iconlist_content_wrap\"><header class=\"entry-content-header\"><h4 class='av_iconlist_title iconlist_title  av_inherit_color'  itemprop=\"headline\" ><a href='http:\/\/www.best-of-perigord.tm.fr\/' title='LE MEILLEUR DU P\u00c9RIGORD'>LE MEILLEUR DU P\u00c9RIGORD<\/a><\/h4><\/header><div class='iconlist_content av_inherit_color'  itemprop=\"text\" ><p>Tout sur la Dordogne<\/p>\n<\/div><\/div><footer class=\"entry-footer\"><\/footer><\/article><div class=\"iconlist-timeline\"><\/div><\/li>\n<li><div class='iconlist_icon av-av_iconlist_item-6a78275c77b2dc0224446ade48aab4d0 avia-font-entypo-fontello'><span class='iconlist-char' aria-hidden='true' data-av_icon='\ue808' data-av_iconfont='entypo-fontello'><\/span><\/div><article class=\"article-icon-entry \"  itemscope=\"itemscope\" itemtype=\"https:\/\/schema.org\/CreativeWork\" ><div class=\"iconlist_content_wrap\"><header class=\"entry-content-header\"><h4 class='av_iconlist_title iconlist_title  av_inherit_color'  itemprop=\"headline\" ><a href='http:\/\/www.domainedesetangs.com\/en\/' title='DOMAINE DES \u00c9TANGS' target=\"_blank\" rel=\"noopener noreferrer\">DOMAINE DES \u00c9TANGS<\/a><\/h4><\/header><div class='iconlist_content av_inherit_color'  itemprop=\"text\" ><p>Ch\u00e2teau avec centre de soins et restaurant raffin\u00e9<\/p>\n<\/div><\/div><footer class=\"entry-footer\"><\/footer><\/article><div class=\"iconlist-timeline\"><\/div><\/li>\n<li><div class='iconlist_icon av-av_iconlist_item-6e26d21556a0cf81c03b52a5aaca34d6 avia-font-entypo-fontello'><span class='iconlist-char' aria-hidden='true' data-av_icon='\ue808' data-av_iconfont='entypo-fontello'><\/span><\/div><article class=\"article-icon-entry \"  itemscope=\"itemscope\" itemtype=\"https:\/\/schema.org\/CreativeWork\" ><div class=\"iconlist_content_wrap\"><header class=\"entry-content-header\"><h4 class='av_iconlist_title iconlist_title  av_inherit_color'  itemprop=\"headline\" ><a href='http:\/\/www.circuit-des-remparts.com\/' title='CIRCUIT DES REMPARTS' target=\"_blank\" rel=\"noopener noreferrer\">CIRCUIT DES REMPARTS<\/a><\/h4><\/header><div class='iconlist_content av_inherit_color'  itemprop=\"text\" ><p>Rallye authentique et exposition de voitures de collection<\/p>\n<\/div><\/div><footer class=\"entry-footer\"><\/footer><\/article><div class=\"iconlist-timeline\"><\/div><\/li>\n<\/ul><\/div><\/div>\n\n","protected":false},"excerpt":{"rendered":"","protected":false},"author":2,"featured_media":0,"parent":0,"menu_order":44,"comment_status":"closed","ping_status":"closed","template":"","meta":{"footnotes":""},"class_list":["post-1103","page","type-page","status-publish","hentry"],"yoast_head":"<!-- This site is optimized with the Yoast SEO plugin v25.1 - https:\/\/yoast.com\/wordpress\/plugins\/seo\/ -->\n<title>Activit\u00e9s - Domaine de Bellac<\/title>\n<meta name=\"robots\" content=\"index, follow, max-snippet:-1, max-image-preview:large, max-video-preview:-1\" \/>\n<link rel=\"canonical\" href=\"https:\/\/www.domainedebellac.com\/fr\/activites\/\" \/>\n<meta property=\"og:locale\" content=\"fr_FR\" \/>\n<meta property=\"og:type\" content=\"article\" \/>\n<meta property=\"og:title\" content=\"Activit\u00e9s - Domaine de Bellac\" \/>\n<meta property=\"og:url\" content=\"https:\/\/www.domainedebellac.com\/fr\/activites\/\" \/>\n<meta property=\"og:site_name\" content=\"Domaine de Bellac\" \/>\n<meta property=\"article:modified_time\" content=\"2017-05-03T09:54:09+00:00\" \/>\n<meta name=\"twitter:card\" content=\"summary_large_image\" \/>\n<meta name=\"twitter:label1\" content=\"Dur\u00e9e de lecture estim\u00e9e\" \/>\n\t<meta name=\"twitter:data1\" content=\"6 minutes\" \/>\n<script type=\"application\/ld+json\" class=\"yoast-schema-graph\">{\"@context\":\"https:\/\/schema.org\",\"@graph\":[{\"@type\":\"WebPage\",\"@id\":\"https:\/\/www.domainedebellac.com\/fr\/activites\/\",\"url\":\"https:\/\/www.domainedebellac.com\/fr\/activites\/\",\"name\":\"Activit\u00e9s - Domaine de Bellac\",\"isPartOf\":{\"@id\":\"https:\/\/www.domainedebellac.com\/fr\/#website\"},\"datePublished\":\"2017-05-03T09:52:38+00:00\",\"dateModified\":\"2017-05-03T09:54:09+00:00\",\"breadcrumb\":{\"@id\":\"https:\/\/www.domainedebellac.com\/fr\/activites\/#breadcrumb\"},\"inLanguage\":\"fr-FR\",\"potentialAction\":[{\"@type\":\"ReadAction\",\"target\":[\"https:\/\/www.domainedebellac.com\/fr\/activites\/\"]}]},{\"@type\":\"BreadcrumbList\",\"@id\":\"https:\/\/www.domainedebellac.com\/fr\/activites\/#breadcrumb\",\"itemListElement\":[{\"@type\":\"ListItem\",\"position\":1,\"name\":\"Home\",\"item\":\"https:\/\/www.domainedebellac.com\/fr\/\"},{\"@type\":\"ListItem\",\"position\":2,\"name\":\"Activit\u00e9s\"}]},{\"@type\":\"WebSite\",\"@id\":\"https:\/\/www.domainedebellac.com\/fr\/#website\",\"url\":\"https:\/\/www.domainedebellac.com\/fr\/\",\"name\":\"Domaine de Bellac\",\"description\":\"\",\"potentialAction\":[{\"@type\":\"SearchAction\",\"target\":{\"@type\":\"EntryPoint\",\"urlTemplate\":\"https:\/\/www.domainedebellac.com\/fr\/?s={search_term_string}\"},\"query-input\":{\"@type\":\"PropertyValueSpecification\",\"valueRequired\":true,\"valueName\":\"search_term_string\"}}],\"inLanguage\":\"fr-FR\"}]}<\/script>\n<!-- \/ Yoast SEO plugin. -->","yoast_head_json":{"title":"Activit\u00e9s - Domaine de Bellac","robots":{"index":"index","follow":"follow","max-snippet":"max-snippet:-1","max-image-preview":"max-image-preview:large","max-video-preview":"max-video-preview:-1"},"canonical":"https:\/\/www.domainedebellac.com\/fr\/activites\/","og_locale":"fr_FR","og_type":"article","og_title":"Activit\u00e9s - Domaine de Bellac","og_url":"https:\/\/www.domainedebellac.com\/fr\/activites\/","og_site_name":"Domaine de Bellac","article_modified_time":"2017-05-03T09:54:09+00:00","twitter_card":"summary_large_image","twitter_misc":{"Dur\u00e9e de lecture estim\u00e9e":"6 minutes"},"schema":{"@context":"https:\/\/schema.org","@graph":[{"@type":"WebPage","@id":"https:\/\/www.domainedebellac.com\/fr\/activites\/","url":"https:\/\/www.domainedebellac.com\/fr\/activites\/","name":"Activit\u00e9s - Domaine de Bellac","isPartOf":{"@id":"https:\/\/www.domainedebellac.com\/fr\/#website"},"datePublished":"2017-05-03T09:52:38+00:00","dateModified":"2017-05-03T09:54:09+00:00","breadcrumb":{"@id":"https:\/\/www.domainedebellac.com\/fr\/activites\/#breadcrumb"},"inLanguage":"fr-FR","potentialAction":[{"@type":"ReadAction","target":["https:\/\/www.domainedebellac.com\/fr\/activites\/"]}]},{"@type":"BreadcrumbList","@id":"https:\/\/www.domainedebellac.com\/fr\/activites\/#breadcrumb","itemListElement":[{"@type":"ListItem","position":1,"name":"Home","item":"https:\/\/www.domainedebellac.com\/fr\/"},{"@type":"ListItem","position":2,"name":"Activit\u00e9s"}]},{"@type":"WebSite","@id":"https:\/\/www.domainedebellac.com\/fr\/#website","url":"https:\/\/www.domainedebellac.com\/fr\/","name":"Domaine de Bellac","description":"","potentialAction":[{"@type":"SearchAction","target":{"@type":"EntryPoint","urlTemplate":"https:\/\/www.domainedebellac.com\/fr\/?s={search_term_string}"},"query-input":{"@type":"PropertyValueSpecification","valueRequired":true,"valueName":"search_term_string"}}],"inLanguage":"fr-FR"}]}},"_links":{"self":[{"href":"https:\/\/www.domainedebellac.com\/fr\/wp-json\/wp\/v2\/pages\/1103","targetHints":{"allow":["GET"]}}],"collection":[{"href":"https:\/\/www.domainedebellac.com\/fr\/wp-json\/wp\/v2\/pages"}],"about":[{"href":"https:\/\/www.domainedebellac.com\/fr\/wp-json\/wp\/v2\/types\/page"}],"author":[{"embeddable":true,"href":"https:\/\/www.domainedebellac.com\/fr\/wp-json\/wp\/v2\/users\/2"}],"replies":[{"embeddable":true,"href":"https:\/\/www.domainedebellac.com\/fr\/wp-json\/wp\/v2\/comments?post=1103"}],"version-history":[{"count":3,"href":"https:\/\/www.domainedebellac.com\/fr\/wp-json\/wp\/v2\/pages\/1103\/revisions"}],"predecessor-version":[{"id":6705,"href":"https:\/\/www.domainedebellac.com\/fr\/wp-json\/wp\/v2\/pages\/1103\/revisions\/6705"}],"wp:attachment":[{"href":"https:\/\/www.domainedebellac.com\/fr\/wp-json\/wp\/v2\/media?parent=1103"}],"curies":[{"name":"wp","href":"https:\/\/api.w.org\/{rel}","templated":true}]}}