{"id":994,"date":"2017-04-12T13:16:45","date_gmt":"2017-04-12T11:16:45","guid":{"rendered":"https:\/\/www.domainedebellac.com\/?page_id=994\/"},"modified":"2017-05-03T15:03:52","modified_gmt":"2017-05-03T13:03:52","slug":"aktivitaeten","status":"publish","type":"page","link":"https:\/\/www.domainedebellac.com\/de\/aktivitaeten\/","title":{"rendered":"Aktivit\u00e4ten"},"content":{"rendered":"<div id='av_section_1'  class='avia-section av-av_section-bb9bdb22c7f9e6bf1d52c155825dc7f7 main_color avia-section-default avia-no-shadow  avia-builder-el-0  el_before_av_section  avia-builder-el-first  avia-bg-style-scroll container_wrap fullsize'  ><div class='container av-section-cont-open' ><main  role=\"main\" itemprop=\"mainContentOfPage\"  class='template-page content  av-content-full alpha units'><div class='post-entry post-entry-type-page post-entry-994'><div class='entry-content-wrapper clearfix'>\n\n<style type=\"text\/css\" data-created_by=\"avia_inline_auto\" id=\"style-css-av-av_one_full-6126cab7d8fab8d08143dd2dacdf673c\">\n.flex_column.av-av_one_full-6126cab7d8fab8d08143dd2dacdf673c{\nborder-radius:0px 0px 0px 0px;\n-webkit-border-radius:0px 0px 0px 0px;\n-moz-border-radius:0px 0px 0px 0px;\n}\n<\/style>\n<div class='flex_column av-av_one_full-6126cab7d8fab8d08143dd2dacdf673c av_one_full  avia-builder-el-1  avia-builder-el-no-sibling  first flex_column_div av-zero-column-padding '   ><p>\n<style type=\"text\/css\" data-created_by=\"avia_inline_auto\" id=\"style-css-av-av_heading-d398c3e268dfc19d8b21588104f2ef37\">\n#top .av-special-heading.av-av_heading-d398c3e268dfc19d8b21588104f2ef37{\npadding-bottom:20px;\n}\nbody .av-special-heading.av-av_heading-d398c3e268dfc19d8b21588104f2ef37 .av-special-heading-tag .heading-char{\nfont-size:25px;\n}\n.av-special-heading.av-av_heading-d398c3e268dfc19d8b21588104f2ef37 .av-subheading{\nfont-size:20px;\n}\n<\/style>\n<div  class='av-special-heading av-av_heading-d398c3e268dfc19d8b21588104f2ef37 av-special-heading-h1 blockquote modern-quote modern-centered  avia-builder-el-2  el_before_av_textblock  avia-builder-el-first '><h1 class='av-special-heading-tag'  itemprop=\"headline\"  >Aktivit\u00e4ten<\/h1><div class='av-subheading av-subheading_below'><p>Von spazierg\u00e4ngen, fahrradfahren, mountain biking, schwimmen, angeln, golf spielen bis hin zu kanu fahren<\/p>\n<\/div><div class=\"special-heading-border\"><div class=\"special-heading-inner-border\"><\/div><\/div><\/div><br \/>\n<section  class='av_textblock_section av-av_textblock-35972167d9f102c5ddaec0c531c98b9e'  itemscope=\"itemscope\" itemtype=\"https:\/\/schema.org\/CreativeWork\" ><div class='avia_textblock'  itemprop=\"text\" ><p style=\"text-align: center;\">Limousin &amp; Dordogne ist eine sehr abwechslungsreiche Gegend, die einen zu Spazierg\u00e4ngen und Fahrten auf dem Mountain Bike herausfordert, es gibt M\u00f6glichkeiten zum Golfen oder Kanufahren auf dem schnellen Fluss. Schwimmen Sie in einem unserer Frischwasserseen. Genie\u00dfen Sie wunderbare Sandstr\u00e4nde. Genie\u00dfen Sie vor allem die beruhigende Atmosph\u00e4re, die inspiriert und immer pur ist. Purer Genuss. Pure Natur. Pures Frankreich.<\/p>\n<\/div><\/section><\/p><\/div>\n\n<\/div><\/div><\/main><!-- close content main element --><\/div><\/div>\n<style type=\"text\/css\" data-created_by=\"avia_inline_auto\" id=\"style-css-av-av_section-28e88a3dd3d83b6e5771af7f1fbef6fb\">\n.avia-section.av-av_section-28e88a3dd3d83b6e5771af7f1fbef6fb{\nbackground-color:#978f1f;\n}\n<\/style>\n<div id='av_section_2'  class='avia-section av-av_section-28e88a3dd3d83b6e5771af7f1fbef6fb main_color avia-section-default avia-no-border-styling  avia-builder-el-4  el_after_av_section  el_before_av_section  avia-bg-style-scroll container_wrap fullsize'  ><div class='container av-section-cont-open' ><div class='template-page content  av-content-full alpha units'><div class='post-entry post-entry-type-page post-entry-994'><div class='entry-content-wrapper clearfix'>\n<div class='flex_column_table av-av_two_third-2ea43dc943ec52016d2f2ed41a8cec6e sc-av_two_third av-equal-height-column-flextable'>\n<style type=\"text\/css\" data-created_by=\"avia_inline_auto\" id=\"style-css-av-av_two_third-2ea43dc943ec52016d2f2ed41a8cec6e\">\n.flex_column.av-av_two_third-2ea43dc943ec52016d2f2ed41a8cec6e{\nborder-radius:0px 0px 0px 0px;\n-webkit-border-radius:0px 0px 0px 0px;\n-moz-border-radius:0px 0px 0px 0px;\n}\n<\/style>\n<div class='flex_column av-av_two_third-2ea43dc943ec52016d2f2ed41a8cec6e av_two_third  avia-builder-el-5  el_before_av_one_third  avia-builder-el-first  first flex_column_table_cell av-equal-height-column av-align-middle av-zero-column-padding '   ><p>\n<style type=\"text\/css\" data-created_by=\"avia_inline_auto\" id=\"style-css-av-av_heading-791ddb3b266bafaca6ea3e306a95f259\">\n#top .av-special-heading.av-av_heading-791ddb3b266bafaca6ea3e306a95f259{\npadding-bottom:12px;\ncolor:#ffffff;\n}\nbody .av-special-heading.av-av_heading-791ddb3b266bafaca6ea3e306a95f259 .av-special-heading-tag .heading-char{\nfont-size:25px;\n}\n.av-special-heading.av-av_heading-791ddb3b266bafaca6ea3e306a95f259 .special-heading-inner-border{\nborder-color:#ffffff;\n}\n.av-special-heading.av-av_heading-791ddb3b266bafaca6ea3e306a95f259 .av-subheading{\nfont-size:20px;\n}\n<\/style>\n<div  class='av-special-heading av-av_heading-791ddb3b266bafaca6ea3e306a95f259 av-special-heading-h2 custom-color-heading blockquote modern-quote  avia-builder-el-6  el_before_av_textblock  avia-builder-el-first '><h2 class='av-special-heading-tag'  itemprop=\"headline\"  >Golf platz nur 1 km entfernt!<\/h2><div class=\"special-heading-border\"><div class=\"special-heading-inner-border\"><\/div><\/div><\/div><br \/>\n\n<style type=\"text\/css\" data-created_by=\"avia_inline_auto\" id=\"style-css-av-av_textblock-1670e1cba371d03a052d72e0ad38b4e2\">\n#top .av_textblock_section.av-av_textblock-1670e1cba371d03a052d72e0ad38b4e2 .avia_textblock{\ncolor:#f8f8f8;\n}\n<\/style>\n<section  class='av_textblock_section av-av_textblock-1670e1cba371d03a052d72e0ad38b4e2'  itemscope=\"itemscope\" itemtype=\"https:\/\/schema.org\/CreativeWork\" ><div class='avia_textblock av_inherit_color'  itemprop=\"text\" ><p>Sie k\u00f6nnen auf dem h\u00fcgligen Golfplatz de la Pr\u00e8ze (1km entfernt) mit 18 L\u00f6chern spielen, der sich direkt neben Domaine de Bellac befindet. In der Hauptsaison finden dort Einstiegskurse statt, was eine gute Gelegenheit f\u00fcr Sie und Ihre Familie bietet. Haben Sie Lust auf einen Golf-Urlaub? Sie k\u00f6nnen nun einen speziellen Golf-Paket-Deal buchen.<\/p>\n<\/div><\/section><\/p><\/div><div class='av-flex-placeholder'><\/div>\n<style type=\"text\/css\" data-created_by=\"avia_inline_auto\" id=\"style-css-av-av_one_third-0aa7055fe62c3622faec82866afbaeb2\">\n.flex_column.av-av_one_third-0aa7055fe62c3622faec82866afbaeb2{\nborder-radius:0px 0px 0px 0px;\n-webkit-border-radius:0px 0px 0px 0px;\n-moz-border-radius:0px 0px 0px 0px;\n}\n<\/style>\n<div class='flex_column av-av_one_third-0aa7055fe62c3622faec82866afbaeb2 av_one_third  avia-builder-el-8  el_after_av_two_third  avia-builder-el-last  flex_column_table_cell av-equal-height-column av-align-middle av-zero-column-padding '   ><div  class='avia-button-wrap avia-button-center  avia-builder-el-9  avia-builder-el-no-sibling  groteknop' ><a href='http:\/\/www.golfdelapreze.com\/' class='avia-button av-av_button-db78bd17663579e51454eddda6e69438 avia-icon_select-yes-right-icon avia-size-x-large avia-position-center avia-color-light' target=\"_blank\" rel=\"noopener noreferrer\"><span class='avia_iconbox_title' >Golfplatz La Pr\u00e8ze<\/span><span class='avia_button_icon avia_button_icon_right' aria-hidden='true' data-av_icon='\ue832' data-av_iconfont='entypo-fontello'><\/span><\/a><\/div><\/div><\/div><!--close column table wrapper. Autoclose: 1 -->\n\n<\/div><\/div><\/div><!-- close content main div --><\/div><\/div><div id='av_section_3'  class='avia-section av-av_section-ddf09c88a1290094777b52c3866fa6fc main_color avia-section-default avia-no-border-styling  avia-builder-el-10  el_after_av_section  avia-builder-el-last  avia-bg-style-scroll container_wrap fullsize'  ><div class='container av-section-cont-open' ><div class='template-page content  av-content-full alpha units'><div class='post-entry post-entry-type-page post-entry-994'><div class='entry-content-wrapper clearfix'>\n\n<style type=\"text\/css\" data-created_by=\"avia_inline_auto\" id=\"style-css-av-av_heading-e4d8ef2099472b38c5500e80318a576a\">\n#top .av-special-heading.av-av_heading-e4d8ef2099472b38c5500e80318a576a{\npadding-bottom:20px;\n}\nbody .av-special-heading.av-av_heading-e4d8ef2099472b38c5500e80318a576a .av-special-heading-tag .heading-char{\nfont-size:25px;\n}\n.av-special-heading.av-av_heading-e4d8ef2099472b38c5500e80318a576a .av-subheading{\nfont-size:20px;\n}\n<\/style>\n<div  class='av-special-heading av-av_heading-e4d8ef2099472b38c5500e80318a576a av-special-heading-h1 blockquote modern-quote modern-centered'><h1 class='av-special-heading-tag'  itemprop=\"headline\"  >Andere Aktivit\u00e4ten <\/h1><div class=\"special-heading-border\"><div class=\"special-heading-inner-border\"><\/div><\/div><\/div>\n\n<style type=\"text\/css\" data-created_by=\"avia_inline_auto\" id=\"style-css-av-av_one_half-6126cab7d8fab8d08143dd2dacdf673c\">\n.flex_column.av-av_one_half-6126cab7d8fab8d08143dd2dacdf673c{\nborder-radius:0px 0px 0px 0px;\n-webkit-border-radius:0px 0px 0px 0px;\n-moz-border-radius:0px 0px 0px 0px;\n}\n<\/style>\n<div class='flex_column av-av_one_half-6126cab7d8fab8d08143dd2dacdf673c av_one_half  avia-builder-el-11  el_before_av_one_half  avia-builder-el-first  first flex_column_div av-zero-column-padding '   ><style type=\"text\/css\" data-created_by=\"avia_inline_auto\" id=\"style-css-av-av_iconlist-bda531a488db557e0e9f47deb8605b2a\">\n#top .avia-icon-list-container.av-av_iconlist-bda531a488db557e0e9f47deb8605b2a .iconlist_icon{\nbackground-color:#978f1f;\nborder:1px solid #978f1f;\n}\n#top #wrap_all .avia-icon-list-container.av-av_iconlist-bda531a488db557e0e9f47deb8605b2a .av_iconlist_title{\ncolor:#000000;\n}\n.avia-icon-list-container.av-av_iconlist-bda531a488db557e0e9f47deb8605b2a .iconlist_content{\ncolor:#000000;\n}\n<\/style>\n<div  class='avia-icon-list-container av-av_iconlist-bda531a488db557e0e9f47deb8605b2a  avia-builder-el-12  avia-builder-el-no-sibling '><ul class='avia-icon-list avia_animate_when_almost_visible avia-icon-list-left av-iconlist-big av-av_iconlist-bda531a488db557e0e9f47deb8605b2a avia-iconlist-animate'>\n<li><div class='iconlist_icon av-av_iconlist_item-5c9f76722e5fb938fcf98e7ad70715dd avia-font-entypo-fontello'><span class='iconlist-char' aria-hidden='true' data-av_icon='\ue808' data-av_iconfont='entypo-fontello'><\/span><\/div><article class=\"article-icon-entry \"  itemscope=\"itemscope\" itemtype=\"https:\/\/schema.org\/CreativeWork\" ><div class=\"iconlist_content_wrap\"><header class=\"entry-content-header\"><h4 class='av_iconlist_title iconlist_title  av_inherit_color'  itemprop=\"headline\" ><a href='http:\/\/www.lacharente.com' title='La Charente' target=\"_blank\" rel=\"noopener noreferrer\">La Charente<\/a><\/h4><\/header><div class='iconlist_content av_inherit_color'  itemprop=\"text\" ><p>Offizielle Tourismus-Webseite in Charente<\/p>\n<\/div><\/div><footer class=\"entry-footer\"><\/footer><\/article><div class=\"iconlist-timeline\"><\/div><\/li>\n<li><div class='iconlist_icon av-av_iconlist_item-c30b5879eb56bf49ca0c6011727ad942 avia-font-entypo-fontello'><span class='iconlist-char' aria-hidden='true' data-av_icon='\ue808' data-av_iconfont='entypo-fontello'><\/span><\/div><article class=\"article-icon-entry \"  itemscope=\"itemscope\" itemtype=\"https:\/\/schema.org\/CreativeWork\" ><div class=\"iconlist_content_wrap\"><header class=\"entry-content-header\"><h4 class='av_iconlist_title iconlist_title  av_inherit_color'  itemprop=\"headline\" ><a href=' www.dordogne-vakantie.nl' title='Dordogne &amp; Urlaub' target=\"_blank\" rel=\"noopener noreferrer\">Dordogne &amp; Urlaub<\/a><\/h4><\/header><div class='iconlist_content av_inherit_color'  itemprop=\"text\" ><p>\u00dcberblick aller Aktivit\u00e4ten in der Dordogne<\/p>\n<\/div><\/div><footer class=\"entry-footer\"><\/footer><\/article><div class=\"iconlist-timeline\"><\/div><\/li>\n<li><div class='iconlist_icon av-av_iconlist_item-38a691ea3e893184df5c8721400403f6 avia-font-entypo-fontello'><span class='iconlist-char' aria-hidden='true' data-av_icon='\ue808' data-av_iconfont='entypo-fontello'><\/span><\/div><article class=\"article-icon-entry \"  itemscope=\"itemscope\" itemtype=\"https:\/\/schema.org\/CreativeWork\" ><div class=\"iconlist_content_wrap\"><header class=\"entry-content-header\"><h4 class='av_iconlist_title iconlist_title  av_inherit_color'  itemprop=\"headline\" ><a href='http:\/\/www.aventure-parc.fr\/lacs-de-haute-charente' title='Abenteuer Park Charente' target=\"_blank\" rel=\"noopener noreferrer\">Abenteuer Park Charente<\/a><\/h4><\/header><div class='iconlist_content av_inherit_color'  itemprop=\"text\" ><p>Klettern als wahrer Abenteurer<\/p>\n<\/div><\/div><footer class=\"entry-footer\"><\/footer><\/article><div class=\"iconlist-timeline\"><\/div><\/li>\n<li><div class='iconlist_icon av-av_iconlist_item-9214218c9d0050747a6c316c897ce20c avia-font-entypo-fontello'><span class='iconlist-char' aria-hidden='true' data-av_icon='\ue808' data-av_iconfont='entypo-fontello'><\/span><\/div><article class=\"article-icon-entry \"  itemscope=\"itemscope\" itemtype=\"https:\/\/schema.org\/CreativeWork\" ><div class=\"iconlist_content_wrap\"><header class=\"entry-content-header\"><h4 class='av_iconlist_title iconlist_title  av_inherit_color'  itemprop=\"headline\" ><a href='http:\/\/www.aventure-parc.fr\/lacs-de-haute-charente' title='DOMAINE DE LA GROLE' target=\"_blank\" rel=\"noopener noreferrer\">DOMAINE DE LA GROLE<\/a><\/h4><\/header><div class='iconlist_content av_inherit_color'  itemprop=\"text\" ><p>Karpfenangeln<\/p>\n<\/div><\/div><footer class=\"entry-footer\"><\/footer><\/article><div class=\"iconlist-timeline\"><\/div><\/li>\n<\/ul><\/div><\/div>\n<style type=\"text\/css\" data-created_by=\"avia_inline_auto\" id=\"style-css-av-av_one_half-0aa7055fe62c3622faec82866afbaeb2\">\n.flex_column.av-av_one_half-0aa7055fe62c3622faec82866afbaeb2{\nborder-radius:0px 0px 0px 0px;\n-webkit-border-radius:0px 0px 0px 0px;\n-moz-border-radius:0px 0px 0px 0px;\n}\n<\/style>\n<div class='flex_column av-av_one_half-0aa7055fe62c3622faec82866afbaeb2 av_one_half  avia-builder-el-13  el_after_av_one_half  avia-builder-el-last  flex_column_div av-zero-column-padding '   ><style type=\"text\/css\" data-created_by=\"avia_inline_auto\" id=\"style-css-av-av_iconlist-bda531a488db557e0e9f47deb8605b2a\">\n#top .avia-icon-list-container.av-av_iconlist-bda531a488db557e0e9f47deb8605b2a .iconlist_icon{\nbackground-color:#978f1f;\nborder:1px solid #978f1f;\n}\n#top #wrap_all .avia-icon-list-container.av-av_iconlist-bda531a488db557e0e9f47deb8605b2a .av_iconlist_title{\ncolor:#000000;\n}\n.avia-icon-list-container.av-av_iconlist-bda531a488db557e0e9f47deb8605b2a .iconlist_content{\ncolor:#000000;\n}\n<\/style>\n<div  class='avia-icon-list-container av-av_iconlist-bda531a488db557e0e9f47deb8605b2a  avia-builder-el-14  avia-builder-el-no-sibling '><ul class='avia-icon-list avia_animate_when_almost_visible avia-icon-list-left av-iconlist-big av-av_iconlist-bda531a488db557e0e9f47deb8605b2a avia-iconlist-animate'>\n<li><div class='iconlist_icon av-av_iconlist_item-25e72f88ad9f8ab2144cbd0be1074876 avia-font-entypo-fontello'><span class='iconlist-char' aria-hidden='true' data-av_icon='\ue808' data-av_iconfont='entypo-fontello'><\/span><\/div><article class=\"article-icon-entry \"  itemscope=\"itemscope\" itemtype=\"https:\/\/schema.org\/CreativeWork\" ><div class=\"iconlist_content_wrap\"><header class=\"entry-content-header\"><h4 class='av_iconlist_title iconlist_title  av_inherit_color'  itemprop=\"headline\" ><a href='http:\/\/www.best-of-perigord.tm.fr\/' title='DAS BESTE VON P\u00c9RIGORD'>DAS BESTE VON P\u00c9RIGORD<\/a><\/h4><\/header><div class='iconlist_content av_inherit_color'  itemprop=\"text\" ><p>Alles \u00fcber die Dordogne<\/p>\n<\/div><\/div><footer class=\"entry-footer\"><\/footer><\/article><div class=\"iconlist-timeline\"><\/div><\/li>\n<li><div class='iconlist_icon av-av_iconlist_item-287fb29fbd44da2ef3df0f2c5cfc1fb3 avia-font-entypo-fontello'><span class='iconlist-char' aria-hidden='true' data-av_icon='\ue808' data-av_iconfont='entypo-fontello'><\/span><\/div><article class=\"article-icon-entry \"  itemscope=\"itemscope\" itemtype=\"https:\/\/schema.org\/CreativeWork\" ><div class=\"iconlist_content_wrap\"><header class=\"entry-content-header\"><h4 class='av_iconlist_title iconlist_title  av_inherit_color'  itemprop=\"headline\" ><a href='http:\/\/www.domainedesetangs.com\/en\/' title='DOMAINE DES ETANGS' target=\"_blank\" rel=\"noopener noreferrer\">DOMAINE DES ETANGS<\/a><\/h4><\/header><div class='iconlist_content av_inherit_color'  itemprop=\"text\" ><p>Burg mit Wellness Center und edlem Restaurant<\/p>\n<\/div><\/div><footer class=\"entry-footer\"><\/footer><\/article><div class=\"iconlist-timeline\"><\/div><\/li>\n<li><div class='iconlist_icon av-av_iconlist_item-673bf246481a1de882067dba662e87f5 avia-font-entypo-fontello'><span class='iconlist-char' aria-hidden='true' data-av_icon='\ue808' data-av_iconfont='entypo-fontello'><\/span><\/div><article class=\"article-icon-entry \"  itemscope=\"itemscope\" itemtype=\"https:\/\/schema.org\/CreativeWork\" ><div class=\"iconlist_content_wrap\"><header class=\"entry-content-header\"><h4 class='av_iconlist_title iconlist_title  av_inherit_color'  itemprop=\"headline\" ><a href='http:\/\/www.circuit-des-remparts.com\/' title='Circuit des Remparts' target=\"_blank\" rel=\"noopener noreferrer\">Circuit des Remparts<\/a><\/h4><\/header><div class='iconlist_content av_inherit_color'  itemprop=\"text\" ><p>Authentische Rally &amp; Old-Timer Ausstellung<\/p>\n<\/div><\/div><footer class=\"entry-footer\"><\/footer><\/article><div class=\"iconlist-timeline\"><\/div><\/li>\n<\/ul><\/div><\/div>\n","protected":false},"excerpt":{"rendered":"","protected":false},"author":2,"featured_media":0,"parent":0,"menu_order":75,"comment_status":"closed","ping_status":"closed","template":"","meta":{"footnotes":""},"class_list":["post-994","page","type-page","status-publish","hentry"],"yoast_head":"<!-- This site is optimized with the Yoast SEO plugin v25.1 - https:\/\/yoast.com\/wordpress\/plugins\/seo\/ -->\n<title>Aktivit\u00e4ten - Domaine de Bellac<\/title>\n<meta name=\"robots\" content=\"index, follow, max-snippet:-1, max-image-preview:large, max-video-preview:-1\" \/>\n<link rel=\"canonical\" href=\"https:\/\/www.domainedebellac.com\/de\/aktivitaeten\/\" \/>\n<meta property=\"og:locale\" content=\"de_DE\" \/>\n<meta property=\"og:type\" content=\"article\" \/>\n<meta property=\"og:title\" content=\"Aktivit\u00e4ten - Domaine de Bellac\" \/>\n<meta property=\"og:url\" content=\"https:\/\/www.domainedebellac.com\/de\/aktivitaeten\/\" \/>\n<meta property=\"og:site_name\" content=\"Domaine de Bellac\" \/>\n<meta property=\"article:modified_time\" content=\"2017-05-03T13:03:52+00:00\" \/>\n<meta name=\"twitter:card\" content=\"summary_large_image\" \/>\n<meta name=\"twitter:label1\" content=\"Gesch\u00e4tzte Lesezeit\" \/>\n\t<meta name=\"twitter:data1\" content=\"6\u00a0Minuten\" \/>\n<script type=\"application\/ld+json\" class=\"yoast-schema-graph\">{\"@context\":\"https:\/\/schema.org\",\"@graph\":[{\"@type\":\"WebPage\",\"@id\":\"https:\/\/www.domainedebellac.com\/de\/aktivitaeten\/\",\"url\":\"https:\/\/www.domainedebellac.com\/de\/aktivitaeten\/\",\"name\":\"Aktivit\u00e4ten - Domaine de Bellac\",\"isPartOf\":{\"@id\":\"https:\/\/www.domainedebellac.com\/fr\/#website\"},\"datePublished\":\"2017-04-12T11:16:45+00:00\",\"dateModified\":\"2017-05-03T13:03:52+00:00\",\"breadcrumb\":{\"@id\":\"https:\/\/www.domainedebellac.com\/de\/aktivitaeten\/#breadcrumb\"},\"inLanguage\":\"de\",\"potentialAction\":[{\"@type\":\"ReadAction\",\"target\":[\"https:\/\/www.domainedebellac.com\/de\/aktivitaeten\/\"]}]},{\"@type\":\"BreadcrumbList\",\"@id\":\"https:\/\/www.domainedebellac.com\/de\/aktivitaeten\/#breadcrumb\",\"itemListElement\":[{\"@type\":\"ListItem\",\"position\":1,\"name\":\"Home\",\"item\":\"https:\/\/www.domainedebellac.com\/de\/\"},{\"@type\":\"ListItem\",\"position\":2,\"name\":\"Aktivit\u00e4ten\"}]},{\"@type\":\"WebSite\",\"@id\":\"https:\/\/www.domainedebellac.com\/fr\/#website\",\"url\":\"https:\/\/www.domainedebellac.com\/fr\/\",\"name\":\"Domaine de Bellac\",\"description\":\"\",\"potentialAction\":[{\"@type\":\"SearchAction\",\"target\":{\"@type\":\"EntryPoint\",\"urlTemplate\":\"https:\/\/www.domainedebellac.com\/fr\/?s={search_term_string}\"},\"query-input\":{\"@type\":\"PropertyValueSpecification\",\"valueRequired\":true,\"valueName\":\"search_term_string\"}}],\"inLanguage\":\"de\"}]}<\/script>\n<!-- \/ Yoast SEO plugin. -->","yoast_head_json":{"title":"Aktivit\u00e4ten - Domaine de Bellac","robots":{"index":"index","follow":"follow","max-snippet":"max-snippet:-1","max-image-preview":"max-image-preview:large","max-video-preview":"max-video-preview:-1"},"canonical":"https:\/\/www.domainedebellac.com\/de\/aktivitaeten\/","og_locale":"de_DE","og_type":"article","og_title":"Aktivit\u00e4ten - Domaine de Bellac","og_url":"https:\/\/www.domainedebellac.com\/de\/aktivitaeten\/","og_site_name":"Domaine de Bellac","article_modified_time":"2017-05-03T13:03:52+00:00","twitter_card":"summary_large_image","twitter_misc":{"Gesch\u00e4tzte Lesezeit":"6\u00a0Minuten"},"schema":{"@context":"https:\/\/schema.org","@graph":[{"@type":"WebPage","@id":"https:\/\/www.domainedebellac.com\/de\/aktivitaeten\/","url":"https:\/\/www.domainedebellac.com\/de\/aktivitaeten\/","name":"Aktivit\u00e4ten - Domaine de Bellac","isPartOf":{"@id":"https:\/\/www.domainedebellac.com\/fr\/#website"},"datePublished":"2017-04-12T11:16:45+00:00","dateModified":"2017-05-03T13:03:52+00:00","breadcrumb":{"@id":"https:\/\/www.domainedebellac.com\/de\/aktivitaeten\/#breadcrumb"},"inLanguage":"de","potentialAction":[{"@type":"ReadAction","target":["https:\/\/www.domainedebellac.com\/de\/aktivitaeten\/"]}]},{"@type":"BreadcrumbList","@id":"https:\/\/www.domainedebellac.com\/de\/aktivitaeten\/#breadcrumb","itemListElement":[{"@type":"ListItem","position":1,"name":"Home","item":"https:\/\/www.domainedebellac.com\/de\/"},{"@type":"ListItem","position":2,"name":"Aktivit\u00e4ten"}]},{"@type":"WebSite","@id":"https:\/\/www.domainedebellac.com\/fr\/#website","url":"https:\/\/www.domainedebellac.com\/fr\/","name":"Domaine de Bellac","description":"","potentialAction":[{"@type":"SearchAction","target":{"@type":"EntryPoint","urlTemplate":"https:\/\/www.domainedebellac.com\/fr\/?s={search_term_string}"},"query-input":{"@type":"PropertyValueSpecification","valueRequired":true,"valueName":"search_term_string"}}],"inLanguage":"de"}]}},"_links":{"self":[{"href":"https:\/\/www.domainedebellac.com\/de\/wp-json\/wp\/v2\/pages\/994","targetHints":{"allow":["GET"]}}],"collection":[{"href":"https:\/\/www.domainedebellac.com\/de\/wp-json\/wp\/v2\/pages"}],"about":[{"href":"https:\/\/www.domainedebellac.com\/de\/wp-json\/wp\/v2\/types\/page"}],"author":[{"embeddable":true,"href":"https:\/\/www.domainedebellac.com\/de\/wp-json\/wp\/v2\/users\/2"}],"replies":[{"embeddable":true,"href":"https:\/\/www.domainedebellac.com\/de\/wp-json\/wp\/v2\/comments?post=994"}],"version-history":[{"count":4,"href":"https:\/\/www.domainedebellac.com\/de\/wp-json\/wp\/v2\/pages\/994\/revisions"}],"predecessor-version":[{"id":1467,"href":"https:\/\/www.domainedebellac.com\/de\/wp-json\/wp\/v2\/pages\/994\/revisions\/1467"}],"wp:attachment":[{"href":"https:\/\/www.domainedebellac.com\/de\/wp-json\/wp\/v2\/media?parent=994"}],"curies":[{"name":"wp","href":"https:\/\/api.w.org\/{rel}","templated":true}]}}