{"id":985,"date":"2017-04-12T12:22:47","date_gmt":"2017-04-12T10:22:47","guid":{"rendered":"https:\/\/www.domainedebellac.com\/?page_id=985\/"},"modified":"2017-08-15T14:58:28","modified_gmt":"2017-08-15T12:58:28","slug":"uber-bellac","status":"publish","type":"page","link":"https:\/\/www.domainedebellac.com\/de\/uber-bellac\/","title":{"rendered":"\u00dcber Bellac"},"content":{"rendered":"<\/div><\/div><\/div><!-- close content main div --><\/div><\/div><div id='full_slider_1'  class='avia-fullwidth-slider main_color avia-shadow    container_wrap fullsize'  ><div   data-size='featured_large'  data-lightbox_size='large'  data-animation='slide'  data-conditional_play=''  data-ids='186,634'  data-video_counter='0'  data-autoplay='true'  data-bg_slider='false'  data-slide_height=''  data-handle='av_slideshow_full'  data-interval='5'  data-class=' '  data-el_id=''  data-css_id=''  data-scroll_down=''  data-control_layout='av-control-default'  data-custom_markup=''  data-perma_caption=''  data-autoplay_stopper=''  data-image_attachment=''  data-min_height='0px'  data-lazy_loading='disabled'  data-src=''  data-position='top left'  data-repeat='no-repeat'  data-attach='scroll'  data-stretch=''  data-img_scrset=''  data-default-height='42'  class='avia-slideshow avia-slideshow-1  av-control-default av-default-height-applied avia-slideshow-featured_large av_slideshow_full   avia-slide-slider '  itemprop=\"image\" itemscope=\"itemscope\" itemtype=\"https:\/\/schema.org\/ImageObject\" ><ul class='avia-slideshow-inner ' style='padding-bottom: 42%;' ><li  class=' av-single-slide slide-1 ' ><div data-rel='slideshow-1' class='avia-slide-wrap '   ><img decoding=\"async\" class=\"wp-image-4427 avia-img-lazy-loading-not-4427\"  src=\"https:\/\/www.domainedebellac.com\/wp-content\/uploads\/2016\/11\/BASISBANNER-BELLAC2-1500x630.jpg\" width=\"1500\" height=\"630\" title='BASISBANNER-BELLAC2' alt=''  itemprop=\"thumbnailUrl\"   \/><\/div><\/li><\/ul><\/div><\/div>\n<\/div><\/div><\/div><!-- close content main div --><\/div><\/div><div id='av_section_1'  class='avia-section av-av_section-bb9bdb22c7f9e6bf1d52c155825dc7f7 main_color avia-section-default avia-no-shadow avia-bg-style-scroll container_wrap fullsize'  ><div class='container av-section-cont-open' ><div class='template-page content  av-content-full alpha units'><div class='post-entry post-entry-type-page post-entry-985'><div class='entry-content-wrapper clearfix'>\n\n<style type=\"text\/css\" data-created_by=\"avia_inline_auto\" id=\"style-css-av-av_one_full-6126cab7d8fab8d08143dd2dacdf673c\">\n.flex_column.av-av_one_full-6126cab7d8fab8d08143dd2dacdf673c{\nborder-radius:0px 0px 0px 0px;\n-webkit-border-radius:0px 0px 0px 0px;\n-moz-border-radius:0px 0px 0px 0px;\n}\n<\/style>\n<div class='flex_column av-av_one_full-6126cab7d8fab8d08143dd2dacdf673c av_one_full first flex_column_div av-zero-column-padding '   ><p>\n<style type=\"text\/css\" data-created_by=\"avia_inline_auto\" id=\"style-css-av-av_heading-5607be0cf62ca27fc30da10a5e5fbee6\">\n#top .av-special-heading.av-av_heading-5607be0cf62ca27fc30da10a5e5fbee6{\npadding-bottom:20px;\n}\nbody .av-special-heading.av-av_heading-5607be0cf62ca27fc30da10a5e5fbee6 .av-special-heading-tag .heading-char{\nfont-size:25px;\n}\n.av-special-heading.av-av_heading-5607be0cf62ca27fc30da10a5e5fbee6 .av-subheading{\nfont-size:20px;\n}\n<\/style>\n<div  class='av-special-heading av-av_heading-5607be0cf62ca27fc30da10a5e5fbee6 av-special-heading-h1 blockquote modern-quote modern-centered'><h1 class='av-special-heading-tag'  itemprop=\"headline\"  >Domaine de Bellac &#8211; Ort des friedens und der ruhe <\/h1><div class='av-subheading av-subheading_below'><p>Dies ist echter genuss<\/p>\n<\/div><div class=\"special-heading-border\"><div class=\"special-heading-inner-border\"><\/div><\/div><\/div><br \/>\n<section  class='av_textblock_section av-av_textblock-35972167d9f102c5ddaec0c531c98b9e'  itemscope=\"itemscope\" itemtype=\"https:\/\/schema.org\/CreativeWork\" ><div class='avia_textblock'  itemprop=\"text\" ><p style=\"text-align: center;\">Betreten Sie einen Ort der Ruhe und des Friedens. Erkunden Sie die romantischen Franz\u00f6sischen D\u00f6rfer und historischen \u00d6rtchen. Besuchen Sie den belebten Markt, lernen Sie die Einheimischen kennen und genie\u00dfen Sie unsere kleinen lokalen Produkte. Le Perigord-Vert. Der gr\u00fcnste Sonnenschein Frankreichs.<\/p>\n<\/div><\/section><\/p><\/div>\n\n<\/div><\/div><\/div><!-- close content main div --><\/div><\/div>\n<style type=\"text\/css\" data-created_by=\"avia_inline_auto\" id=\"style-css-av-av_section-28e88a3dd3d83b6e5771af7f1fbef6fb\">\n.avia-section.av-av_section-28e88a3dd3d83b6e5771af7f1fbef6fb{\nbackground-color:#978f1f;\n}\n<\/style>\n<div id='av_section_2'  class='avia-section av-av_section-28e88a3dd3d83b6e5771af7f1fbef6fb main_color avia-section-default avia-no-border-styling avia-bg-style-scroll container_wrap fullsize'  ><div class='container av-section-cont-open' ><div class='template-page content  av-content-full alpha units'><div class='post-entry post-entry-type-page post-entry-985'><div class='entry-content-wrapper clearfix'>\n\n<style type=\"text\/css\" data-created_by=\"avia_inline_auto\" id=\"style-css-av-av_heading-c5b8debbf1a18875774d1a0e75bbb6ca\">\n#top .av-special-heading.av-av_heading-c5b8debbf1a18875774d1a0e75bbb6ca{\npadding-bottom:12px;\ncolor:#ffffff;\n}\nbody .av-special-heading.av-av_heading-c5b8debbf1a18875774d1a0e75bbb6ca .av-special-heading-tag .heading-char{\nfont-size:25px;\n}\n.av-special-heading.av-av_heading-c5b8debbf1a18875774d1a0e75bbb6ca .special-heading-inner-border{\nborder-color:#ffffff;\n}\n.av-special-heading.av-av_heading-c5b8debbf1a18875774d1a0e75bbb6ca .av-subheading{\nfont-size:20px;\n}\n<\/style>\n<div  class='av-special-heading av-av_heading-c5b8debbf1a18875774d1a0e75bbb6ca av-special-heading-h2 custom-color-heading blockquote modern-quote'><h2 class='av-special-heading-tag'  itemprop=\"headline\"  >WUSSTEN SIE, DASS UNSERE REGION\u2026<\/h2><div class=\"special-heading-border\"><div class=\"special-heading-inner-border\"><\/div><\/div><\/div>\n<div class='flex_column_table av-av_one_half-2ea43dc943ec52016d2f2ed41a8cec6e sc-av_one_half av-equal-height-column-flextable'>\n<style type=\"text\/css\" data-created_by=\"avia_inline_auto\" id=\"style-css-av-av_one_half-2ea43dc943ec52016d2f2ed41a8cec6e\">\n.flex_column.av-av_one_half-2ea43dc943ec52016d2f2ed41a8cec6e{\nborder-radius:0px 0px 0px 0px;\n-webkit-border-radius:0px 0px 0px 0px;\n-moz-border-radius:0px 0px 0px 0px;\n}\n<\/style>\n<div class='flex_column av-av_one_half-2ea43dc943ec52016d2f2ed41a8cec6e av_one_half first flex_column_table_cell av-equal-height-column av-align-middle av-zero-column-padding '   ><style type=\"text\/css\" data-created_by=\"avia_inline_auto\" id=\"style-css-av-av_textblock-1670e1cba371d03a052d72e0ad38b4e2\">\n#top .av_textblock_section.av-av_textblock-1670e1cba371d03a052d72e0ad38b4e2 .avia_textblock{\ncolor:#f8f8f8;\n}\n<\/style>\n<section  class='av_textblock_section av-av_textblock-1670e1cba371d03a052d72e0ad38b4e2'  itemscope=\"itemscope\" itemtype=\"https:\/\/schema.org\/CreativeWork\" ><div class='avia_textblock av_inherit_color'  itemprop=\"text\" ><ul>\n<li>Die sauberste Luft ganz Frankreichs hat<\/li>\n<li>Viele Events veranstaltet<\/li>\n<li>Den meisten Sonnenschein hat nach der Provence<\/li>\n<\/ul>\n<\/div><\/section><\/div><\/div><!--close column table wrapper. Autoclose: 1 --><div class='flex_column_table av-av_one_half-c1b0ac16401146b96db2b8366ce68076 sc-av_one_half av-equal-height-column-flextable'><div class='av-flex-placeholder'><\/div>\n<style type=\"text\/css\" data-created_by=\"avia_inline_auto\" id=\"style-css-av-av_one_half-c1b0ac16401146b96db2b8366ce68076\">\n.flex_column.av-av_one_half-c1b0ac16401146b96db2b8366ce68076{\nborder-radius:0px 0px 0px 0px;\n-webkit-border-radius:0px 0px 0px 0px;\n-moz-border-radius:0px 0px 0px 0px;\n}\n<\/style>\n<div class='flex_column av-av_one_half-c1b0ac16401146b96db2b8366ce68076 av_one_half flex_column_table_cell av-equal-height-column av-align-middle av-zero-column-padding '   ><style type=\"text\/css\" data-created_by=\"avia_inline_auto\" id=\"style-css-av-av_textblock-1670e1cba371d03a052d72e0ad38b4e2\">\n#top .av_textblock_section.av-av_textblock-1670e1cba371d03a052d72e0ad38b4e2 .avia_textblock{\ncolor:#f8f8f8;\n}\n<\/style>\n<section  class='av_textblock_section av-av_textblock-1670e1cba371d03a052d72e0ad38b4e2'  itemscope=\"itemscope\" itemtype=\"https:\/\/schema.org\/CreativeWork\" ><div class='avia_textblock av_inherit_color'  itemprop=\"text\" ><ul>\n<li>F\u00fcr seine freundlichen Einheimischen bekannt ist<\/li>\n<li>Relativ wenig Touristen hat<\/li>\n<li>Sch\u00f6ne Fu\u00dfwege und Fahrrad-Routen bietet<\/li>\n<\/ul>\n<\/div><\/section><\/div><\/div><!--close column table wrapper. Autoclose: 1 -->\n\n<\/div><\/div><\/div><!-- close content main div --><\/div><\/div><div id='av_section_3'  class='avia-section av-av_section-ddf09c88a1290094777b52c3866fa6fc main_color avia-section-default avia-no-border-styling avia-bg-style-scroll container_wrap fullsize'  ><div class='container av-section-cont-open' ><div class='template-page content  av-content-full alpha units'><div class='post-entry post-entry-type-page post-entry-985'><div class='entry-content-wrapper clearfix'>\n\n<style type=\"text\/css\" data-created_by=\"avia_inline_auto\" id=\"style-css-av-av_one_full-6126cab7d8fab8d08143dd2dacdf673c\">\n.flex_column.av-av_one_full-6126cab7d8fab8d08143dd2dacdf673c{\nborder-radius:0px 0px 0px 0px;\n-webkit-border-radius:0px 0px 0px 0px;\n-moz-border-radius:0px 0px 0px 0px;\n}\n<\/style>\n<div class='flex_column av-av_one_full-6126cab7d8fab8d08143dd2dacdf673c av_one_full first flex_column_div av-zero-column-padding '   ><section  class='av_textblock_section av-av_textblock-35972167d9f102c5ddaec0c531c98b9e'  itemscope=\"itemscope\" itemtype=\"https:\/\/schema.org\/CreativeWork\" ><div class='avia_textblock'  itemprop=\"text\" ><div class=\"article_text\">\n<h3>An der Grenze zu Dordogne und Charente liegt das \u2018Domaine de Bellac\u2019 Anwesen.<\/h3>\n<p>Das Anwesen wurde nach dem alten Chateau benannt und ist umgeben von gr\u00fcnen H\u00fcgeln, W\u00e4ldern und vielen Seen. Bellac wurde erbaut auf dem alten Fundament dieses Chateaus und ist seitdem gewachsen. Jede Ruine erinnert uns an diese reiche Geschichte. Sie haben einen tollen Blick auf das Tal wo sich die Abschnitte von Dordogne und Charente treffen. Die unber\u00fchrte Natur ist der perfekte Ort um durchzuatmen und um den Trubel Ihres Alltags zur\u00fcckzulassen. Domaine Bellac ist umgeben von wunderbaren Fu\u00dfwegen und Fahrradrouten.<\/p>\n<\/div>\n<\/div><\/section><br \/>\n\n<style type=\"text\/css\" data-created_by=\"avia_inline_auto\" id=\"style-css-av-av_hr-628bae4eb3a56ca031c9e383e206c95c\">\n#top .hr.hr-invisible.av-av_hr-628bae4eb3a56ca031c9e383e206c95c{\nheight:20px;\n}\n<\/style>\n<div  class='hr av-av_hr-628bae4eb3a56ca031c9e383e206c95c hr-invisible'><span class='hr-inner '><span class=\"hr-inner-style\"><\/span><\/span><\/div><br \/>\n<section  class='av_textblock_section av-av_textblock-35972167d9f102c5ddaec0c531c98b9e'  itemscope=\"itemscope\" itemtype=\"https:\/\/schema.org\/CreativeWork\" ><div class='avia_textblock'  itemprop=\"text\" ><h3>Entspannen Sie sich im saubersten Teil Frankreichs<\/h3>\n<p>Erkunden Sie Franz\u00f6sische D\u00f6rfer, Orte, und historische Burgen. Besuchen Sie den belebten Markt, lernen Sie die Einheimischen kennen und genie\u00dfen Sie unsere kleinen lokalen Produkte. Die Region verf\u00fcgt \u00fcber erstklassige Restaurants mit attraktiven Preisen.<\/p>\n<\/div><\/section><br \/>\n\n<style type=\"text\/css\" data-created_by=\"avia_inline_auto\" id=\"style-css-av-av_hr-628bae4eb3a56ca031c9e383e206c95c\">\n#top .hr.hr-invisible.av-av_hr-628bae4eb3a56ca031c9e383e206c95c{\nheight:20px;\n}\n<\/style>\n<div  class='hr av-av_hr-628bae4eb3a56ca031c9e383e206c95c hr-invisible'><span class='hr-inner '><span class=\"hr-inner-style\"><\/span><\/span><\/div><br \/>\n<section  class='av_textblock_section av-av_textblock-35972167d9f102c5ddaec0c531c98b9e'  itemscope=\"itemscope\" itemtype=\"https:\/\/schema.org\/CreativeWork\" ><div class='avia_textblock'  itemprop=\"text\" ><h3>Aktivit\u00e4ten<\/h3>\n<p>Die Region l\u00e4dt Sie dazu ein, viele Spazierg\u00e4nge, Fahrrad-Routen, Mountain Bike Tracks und Gold Pl\u00e4tze zu genie\u00dfen. Bei den gro\u00dfen Seen finden Sie sch\u00f6ne Sandstr\u00e4nde. Es gibt verschiedene Optionen um ein Paddelboot, Segelboot und Kanu zu mieten.<\/p>\n<\/div><\/section><br \/>\n\n<style type=\"text\/css\" data-created_by=\"avia_inline_auto\" id=\"style-css-av-av_hr-628bae4eb3a56ca031c9e383e206c95c\">\n#top .hr.hr-invisible.av-av_hr-628bae4eb3a56ca031c9e383e206c95c{\nheight:20px;\n}\n<\/style>\n<div  class='hr av-av_hr-628bae4eb3a56ca031c9e383e206c95c hr-invisible'><span class='hr-inner '><span class=\"hr-inner-style\"><\/span><\/span><\/div><br \/>\n<section  class='av_textblock_section av-av_textblock-35972167d9f102c5ddaec0c531c98b9e'  itemscope=\"itemscope\" itemtype=\"https:\/\/schema.org\/CreativeWork\" ><div class='avia_textblock'  itemprop=\"text\" ><h3><strong>Golf<\/strong><\/h3>\n<p>Angrenzend an Domaine de Bellac werden Sie den Golfplatz <strong>Golf de la Pr\u00e8ze<\/strong> finden. Dieser professionelle Platz mit 18 L\u00f6chern ist als wahre Herausforderung bekannt. In der Hauptsaison k\u00f6nnen Sie an Unterrichtsstunden teilnehmen. F\u00fcr die, die einen Golfurlaub machen m\u00f6chten, gibt es ein Golf-Paket-Deal zur Buchung. Sie k\u00f6nnen zus\u00e4tzlich noch andere Golfpl\u00e4tze in der Region besuchen.<\/p>\n<\/div><\/section><br \/>\n\n<style type=\"text\/css\" data-created_by=\"avia_inline_auto\" id=\"style-css-av-av_hr-628bae4eb3a56ca031c9e383e206c95c\">\n#top .hr.hr-invisible.av-av_hr-628bae4eb3a56ca031c9e383e206c95c{\nheight:20px;\n}\n<\/style>\n<div  class='hr av-av_hr-628bae4eb3a56ca031c9e383e206c95c hr-invisible'><span class='hr-inner '><span class=\"hr-inner-style\"><\/span><\/span><\/div><br \/>\n<section  class='av_textblock_section av-av_textblock-35972167d9f102c5ddaec0c531c98b9e'  itemscope=\"itemscope\" itemtype=\"https:\/\/schema.org\/CreativeWork\" ><div class='avia_textblock'  itemprop=\"text\" ><p><strong><em>Wenn Sie nach einem g\u00fcnstigen Urlaub in unserer Region voller gr\u00fcner H\u00fcgel und unber\u00fchrter Natur suchen, dann ist Domaine de Bellac der richtige Ort f\u00fcr Sie. \u00a0<\/em><\/strong><\/p>\n<\/div><\/section><\/p><\/div>\n\n<\/div><\/div><\/div><!-- close content main div --><\/div><\/div>\n<style type=\"text\/css\" data-created_by=\"avia_inline_auto\" id=\"style-css-av-av_section-28e88a3dd3d83b6e5771af7f1fbef6fb\">\n.avia-section.av-av_section-28e88a3dd3d83b6e5771af7f1fbef6fb{\nbackground-color:#978f1f;\n}\n<\/style>\n<div id='av_section_4'  class='avia-section av-av_section-28e88a3dd3d83b6e5771af7f1fbef6fb main_color avia-section-default avia-no-border-styling avia-bg-style-scroll container_wrap fullsize'  ><div class='container av-section-cont-open' ><div class='template-page content  av-content-full alpha units'><div class='post-entry post-entry-type-page post-entry-985'><div class='entry-content-wrapper clearfix'>\n\n<style type=\"text\/css\" data-created_by=\"avia_inline_auto\" id=\"style-css-av-av_one_third-6126cab7d8fab8d08143dd2dacdf673c\">\n.flex_column.av-av_one_third-6126cab7d8fab8d08143dd2dacdf673c{\nborder-radius:0px 0px 0px 0px;\n-webkit-border-radius:0px 0px 0px 0px;\n-moz-border-radius:0px 0px 0px 0px;\n}\n<\/style>\n<div class='flex_column av-av_one_third-6126cab7d8fab8d08143dd2dacdf673c av_one_third first flex_column_div av-zero-column-padding '   ><div  class='avia-button-wrap avia-button-center  groteknop' ><a href='https:\/\/www.domainedebellac.com\/maisonnettes\/'  class='avia-button av-av_button-5fa8a69e42d3da2e13b4efd03a3046b6 avia-icon_select-yes-right-icon avia-size-x-large avia-position-center avia-color-light' ><span class='avia_iconbox_title' >Maisonnettes<\/span><span class='avia_button_icon avia_button_icon_right' aria-hidden='true' data-av_icon='\ue832' data-av_iconfont='entypo-fontello'><\/span><\/a><\/div><\/div>\n<style type=\"text\/css\" data-created_by=\"avia_inline_auto\" id=\"style-css-av-av_one_third-0aa7055fe62c3622faec82866afbaeb2\">\n.flex_column.av-av_one_third-0aa7055fe62c3622faec82866afbaeb2{\nborder-radius:0px 0px 0px 0px;\n-webkit-border-radius:0px 0px 0px 0px;\n-moz-border-radius:0px 0px 0px 0px;\n}\n<\/style>\n<div class='flex_column av-av_one_third-0aa7055fe62c3622faec82866afbaeb2 av_one_third flex_column_div av-zero-column-padding '   ><div  class='avia-button-wrap avia-button-center  groteknop' ><a href='https:\/\/www.domainedebellac.com\/de\/gruppen\/'  class='avia-button av-av_button-c612566571193f4dc4c0afb9ff43c777 avia-icon_select-yes-right-icon avia-size-x-large avia-position-center avia-color-light' ><span class='avia_iconbox_title' >Preise<\/span><span class='avia_button_icon avia_button_icon_right' aria-hidden='true' data-av_icon='\ue832' data-av_iconfont='entypo-fontello'><\/span><\/a><\/div><\/div>\n<style type=\"text\/css\" data-created_by=\"avia_inline_auto\" id=\"style-css-av-av_one_third-0aa7055fe62c3622faec82866afbaeb2\">\n.flex_column.av-av_one_third-0aa7055fe62c3622faec82866afbaeb2{\nborder-radius:0px 0px 0px 0px;\n-webkit-border-radius:0px 0px 0px 0px;\n-moz-border-radius:0px 0px 0px 0px;\n}\n<\/style>\n<div class='flex_column av-av_one_third-0aa7055fe62c3622faec82866afbaeb2 av_one_third flex_column_div av-zero-column-padding '   ><div  class='avia-button-wrap avia-button-center  groteknop' ><a href='https:\/\/www.domainedebellac.com\/de\/gruppen\/'  class='avia-button av-av_button-4a8d34223b52ae3adc71851664e7d12d avia-icon_select-yes-right-icon avia-size-x-large avia-position-center avia-color-light' ><span class='avia_iconbox_title' >Jetzt Buchen<\/span><span class='avia_button_icon avia_button_icon_right' aria-hidden='true' data-av_icon='\ue832' data-av_iconfont='entypo-fontello'><\/span><\/a><\/div><\/div>\n\n","protected":false},"excerpt":{"rendered":"","protected":false},"author":2,"featured_media":0,"parent":0,"menu_order":76,"comment_status":"closed","ping_status":"closed","template":"","meta":{"footnotes":""},"class_list":["post-985","page","type-page","status-publish","hentry"],"yoast_head":"<!-- This site is optimized with the Yoast SEO plugin v25.1 - https:\/\/yoast.com\/wordpress\/plugins\/seo\/ -->\n<title>\u00dcber Bellac - Domaine de Bellac<\/title>\n<meta name=\"robots\" content=\"index, follow, max-snippet:-1, max-image-preview:large, max-video-preview:-1\" \/>\n<link rel=\"canonical\" href=\"https:\/\/www.domainedebellac.com\/de\/uber-bellac\/\" \/>\n<meta property=\"og:locale\" content=\"de_DE\" \/>\n<meta property=\"og:type\" content=\"article\" \/>\n<meta property=\"og:title\" content=\"\u00dcber Bellac - Domaine de Bellac\" \/>\n<meta property=\"og:url\" content=\"https:\/\/www.domainedebellac.com\/de\/uber-bellac\/\" \/>\n<meta property=\"og:site_name\" content=\"Domaine de Bellac\" \/>\n<meta property=\"article:modified_time\" content=\"2017-08-15T12:58:28+00:00\" \/>\n<meta name=\"twitter:card\" content=\"summary_large_image\" \/>\n<meta name=\"twitter:label1\" content=\"Gesch\u00e4tzte Lesezeit\" \/>\n\t<meta name=\"twitter:data1\" content=\"9\u00a0Minuten\" \/>\n<script type=\"application\/ld+json\" class=\"yoast-schema-graph\">{\"@context\":\"https:\/\/schema.org\",\"@graph\":[{\"@type\":\"WebPage\",\"@id\":\"https:\/\/www.domainedebellac.com\/de\/uber-bellac\/\",\"url\":\"https:\/\/www.domainedebellac.com\/de\/uber-bellac\/\",\"name\":\"\u00dcber Bellac - Domaine de Bellac\",\"isPartOf\":{\"@id\":\"https:\/\/www.domainedebellac.com\/fr\/#website\"},\"datePublished\":\"2017-04-12T10:22:47+00:00\",\"dateModified\":\"2017-08-15T12:58:28+00:00\",\"breadcrumb\":{\"@id\":\"https:\/\/www.domainedebellac.com\/de\/uber-bellac\/#breadcrumb\"},\"inLanguage\":\"de\",\"potentialAction\":[{\"@type\":\"ReadAction\",\"target\":[\"https:\/\/www.domainedebellac.com\/de\/uber-bellac\/\"]}]},{\"@type\":\"BreadcrumbList\",\"@id\":\"https:\/\/www.domainedebellac.com\/de\/uber-bellac\/#breadcrumb\",\"itemListElement\":[{\"@type\":\"ListItem\",\"position\":1,\"name\":\"Home\",\"item\":\"https:\/\/www.domainedebellac.com\/de\/\"},{\"@type\":\"ListItem\",\"position\":2,\"name\":\"\u00dcber Bellac\"}]},{\"@type\":\"WebSite\",\"@id\":\"https:\/\/www.domainedebellac.com\/fr\/#website\",\"url\":\"https:\/\/www.domainedebellac.com\/fr\/\",\"name\":\"Domaine de Bellac\",\"description\":\"\",\"potentialAction\":[{\"@type\":\"SearchAction\",\"target\":{\"@type\":\"EntryPoint\",\"urlTemplate\":\"https:\/\/www.domainedebellac.com\/fr\/?s={search_term_string}\"},\"query-input\":{\"@type\":\"PropertyValueSpecification\",\"valueRequired\":true,\"valueName\":\"search_term_string\"}}],\"inLanguage\":\"de\"}]}<\/script>\n<!-- \/ Yoast SEO plugin. -->","yoast_head_json":{"title":"\u00dcber Bellac - Domaine de Bellac","robots":{"index":"index","follow":"follow","max-snippet":"max-snippet:-1","max-image-preview":"max-image-preview:large","max-video-preview":"max-video-preview:-1"},"canonical":"https:\/\/www.domainedebellac.com\/de\/uber-bellac\/","og_locale":"de_DE","og_type":"article","og_title":"\u00dcber Bellac - Domaine de Bellac","og_url":"https:\/\/www.domainedebellac.com\/de\/uber-bellac\/","og_site_name":"Domaine de Bellac","article_modified_time":"2017-08-15T12:58:28+00:00","twitter_card":"summary_large_image","twitter_misc":{"Gesch\u00e4tzte Lesezeit":"9\u00a0Minuten"},"schema":{"@context":"https:\/\/schema.org","@graph":[{"@type":"WebPage","@id":"https:\/\/www.domainedebellac.com\/de\/uber-bellac\/","url":"https:\/\/www.domainedebellac.com\/de\/uber-bellac\/","name":"\u00dcber Bellac - Domaine de Bellac","isPartOf":{"@id":"https:\/\/www.domainedebellac.com\/fr\/#website"},"datePublished":"2017-04-12T10:22:47+00:00","dateModified":"2017-08-15T12:58:28+00:00","breadcrumb":{"@id":"https:\/\/www.domainedebellac.com\/de\/uber-bellac\/#breadcrumb"},"inLanguage":"de","potentialAction":[{"@type":"ReadAction","target":["https:\/\/www.domainedebellac.com\/de\/uber-bellac\/"]}]},{"@type":"BreadcrumbList","@id":"https:\/\/www.domainedebellac.com\/de\/uber-bellac\/#breadcrumb","itemListElement":[{"@type":"ListItem","position":1,"name":"Home","item":"https:\/\/www.domainedebellac.com\/de\/"},{"@type":"ListItem","position":2,"name":"\u00dcber Bellac"}]},{"@type":"WebSite","@id":"https:\/\/www.domainedebellac.com\/fr\/#website","url":"https:\/\/www.domainedebellac.com\/fr\/","name":"Domaine de Bellac","description":"","potentialAction":[{"@type":"SearchAction","target":{"@type":"EntryPoint","urlTemplate":"https:\/\/www.domainedebellac.com\/fr\/?s={search_term_string}"},"query-input":{"@type":"PropertyValueSpecification","valueRequired":true,"valueName":"search_term_string"}}],"inLanguage":"de"}]}},"_links":{"self":[{"href":"https:\/\/www.domainedebellac.com\/de\/wp-json\/wp\/v2\/pages\/985","targetHints":{"allow":["GET"]}}],"collection":[{"href":"https:\/\/www.domainedebellac.com\/de\/wp-json\/wp\/v2\/pages"}],"about":[{"href":"https:\/\/www.domainedebellac.com\/de\/wp-json\/wp\/v2\/types\/page"}],"author":[{"embeddable":true,"href":"https:\/\/www.domainedebellac.com\/de\/wp-json\/wp\/v2\/users\/2"}],"replies":[{"embeddable":true,"href":"https:\/\/www.domainedebellac.com\/de\/wp-json\/wp\/v2\/comments?post=985"}],"version-history":[{"count":4,"href":"https:\/\/www.domainedebellac.com\/de\/wp-json\/wp\/v2\/pages\/985\/revisions"}],"predecessor-version":[{"id":1660,"href":"https:\/\/www.domainedebellac.com\/de\/wp-json\/wp\/v2\/pages\/985\/revisions\/1660"}],"wp:attachment":[{"href":"https:\/\/www.domainedebellac.com\/de\/wp-json\/wp\/v2\/media?parent=985"}],"curies":[{"name":"wp","href":"https:\/\/api.w.org\/{rel}","templated":true}]}}